{"id":1769,"date":"2024-02-08T09:04:30","date_gmt":"2024-02-08T08:04:30","guid":{"rendered":"https:\/\/www.saetec.eu\/bearbeitungen\/"},"modified":"2024-06-20T09:04:22","modified_gmt":"2024-06-20T07:04:22","slug":"bearbeitungen","status":"publish","type":"page","link":"https:\/\/www.saetec.eu\/de\/bearbeitungen\/","title":{"rendered":"Bearbeitungen"},"content":{"rendered":"\t\t<div data-elementor-type=\"wp-page\" data-elementor-id=\"1769\" class=\"elementor elementor-1769 elementor-188\" data-elementor-post-type=\"page\">\n\t\t\t\t<div class=\"elementor-element elementor-element-529525b e-flex e-con-boxed e-con e-parent\" data-id=\"529525b\" data-element_type=\"container\" data-e-type=\"container\" data-settings=\"{&quot;background_background&quot;:&quot;classic&quot;,&quot;shape_divider_bottom&quot;:&quot;triangle-asymmetrical&quot;,&quot;shape_divider_bottom_negative&quot;:&quot;yes&quot;}\">\n\t\t\t\t\t<div class=\"e-con-inner\">\n\t\t\t\t<div class=\"elementor-shape elementor-shape-bottom\" aria-hidden=\"true\" data-negative=\"true\">\n\t\t\t<svg xmlns=\"http:\/\/www.w3.org\/2000\/svg\" viewBox=\"0 0 1000 100\" preserveAspectRatio=\"none\">\n\t<path class=\"elementor-shape-fill\" d=\"M737.9,94.7L0,0v100h1000V0L737.9,94.7z\"\/>\n<\/svg>\t\t<\/div>\n\t\t\t\t<div class=\"elementor-element elementor-element-b084f1a elementor-widget-divider--separator-type-pattern elementor-widget-divider--view-line elementor-widget elementor-widget-divider\" data-id=\"b084f1a\" data-element_type=\"widget\" data-e-type=\"widget\" data-widget_type=\"divider.default\">\n\t\t\t\t\t\t\t<div class=\"elementor-divider\" style=\"--divider-pattern-url: url(&quot;data:image\/svg+xml,%3Csvg xmlns=&#039;http:\/\/www.w3.org\/2000\/svg&#039; preserveAspectRatio=&#039;none&#039; overflow=&#039;visible&#039; height=&#039;100%&#039; viewBox=&#039;0 0 24 24&#039; fill=&#039;black&#039; stroke=&#039;none&#039;%3E%3Cpolygon points=&#039;9.4,2 24,2 14.6,21.6 0,21.6&#039;\/%3E%3C\/svg%3E&quot;);\">\n\t\t\t<span class=\"elementor-divider-separator\">\n\t\t\t\t\t\t<\/span>\n\t\t<\/div>\n\t\t\t\t\t\t<\/div>\n\t\t\t\t<div class=\"elementor-element elementor-element-3b8ae1b elementor-widget elementor-widget-heading\" data-id=\"3b8ae1b\" data-element_type=\"widget\" data-e-type=\"widget\" data-widget_type=\"heading.default\">\n\t\t\t\t\t<h1 class=\"elementor-heading-title elementor-size-default\">Bearbeitungen<\/h1>\t\t\t\t<\/div>\n\t\t\t\t\t<\/div>\n\t\t\t\t<\/div>\n\t\t<div class=\"elementor-element elementor-element-e7957bd e-flex e-con-boxed e-con e-parent\" data-id=\"e7957bd\" data-element_type=\"container\" data-e-type=\"container\">\n\t\t\t\t\t<div class=\"e-con-inner\">\n\t\t\t\t<div class=\"elementor-element elementor-element-7618473 elementor-widget__width-initial elementor-widget-mobile__width-inherit elementor-widget elementor-widget-heading\" data-id=\"7618473\" data-element_type=\"widget\" data-e-type=\"widget\" data-widget_type=\"heading.default\">\n\t\t\t\t\t<h2 class=\"elementor-heading-title elementor-size-default\">Wir verwenden unseren Maschinenpark, der st\u00e4ndig aktualisiert wird, f\u00fcr:<\/h2>\t\t\t\t<\/div>\n\t\t<div class=\"elementor-element elementor-element-b62c520 e-flex e-con-boxed e-con e-child\" data-id=\"b62c520\" data-element_type=\"container\" data-e-type=\"container\">\n\t\t\t\t\t<div class=\"e-con-inner\">\n\t\t\t\t<div class=\"elementor-element elementor-element-981b20b elementor-widget__width-initial elementor-widget-mobile__width-inherit elementor-icon-list--layout-traditional elementor-list-item-link-full_width elementor-widget elementor-widget-icon-list\" data-id=\"981b20b\" data-element_type=\"widget\" data-e-type=\"widget\" data-widget_type=\"icon-list.default\">\n\t\t\t\t\t\t\t<ul class=\"elementor-icon-list-items\">\n\t\t\t\t\t\t\t<li class=\"elementor-icon-list-item\">\n\t\t\t\t\t\t\t\t\t\t\t<span class=\"elementor-icon-list-icon\">\n\t\t\t\t\t\t\t<svg xmlns=\"http:\/\/www.w3.org\/2000\/svg\" xmlns:xlink=\"http:\/\/www.w3.org\/1999\/xlink\" id=\"Livello_1\" x=\"0px\" y=\"0px\" viewBox=\"0 0 200 200\" style=\"enable-background:new 0 0 200 200;\" xml:space=\"preserve\"><path d=\"M100,200C44.9,200,0,155.1,0,100S44.9,0,100,0s100,44.9,100,100S155.1,200,100,200z M100,18c-45.2,0-82,36.8-82,82 s36.8,82,82,82s82-36.8,82-82S145.2,18,100,18z M86.4,131.8c-2.4,0-4.7-0.9-6.4-2.6L61.8,111c-3.5-3.5-3.5-9.2,0-12.7 c3.5-3.5,9.2-3.5,12.7,0l11.8,11.8L125.4,71c3.5-3.5,9.2-3.5,12.7,0s3.5,9.2,0,12.7l-45.5,45.5c-1.7,1.7-4,2.6-6.4,2.6L86.4,131.8 L86.4,131.8z\"><\/path><\/svg>\t\t\t\t\t\t<\/span>\n\t\t\t\t\t\t\t\t\t\t<span class=\"elementor-icon-list-text\">Blechschneiden mit Schere<\/span>\n\t\t\t\t\t\t\t\t\t<\/li>\n\t\t\t\t\t\t\t\t<li class=\"elementor-icon-list-item\">\n\t\t\t\t\t\t\t\t\t\t\t<span class=\"elementor-icon-list-icon\">\n\t\t\t\t\t\t\t<svg xmlns=\"http:\/\/www.w3.org\/2000\/svg\" xmlns:xlink=\"http:\/\/www.w3.org\/1999\/xlink\" id=\"Livello_1\" x=\"0px\" y=\"0px\" viewBox=\"0 0 200 200\" style=\"enable-background:new 0 0 200 200;\" xml:space=\"preserve\"><path d=\"M100,200C44.9,200,0,155.1,0,100S44.9,0,100,0s100,44.9,100,100S155.1,200,100,200z M100,18c-45.2,0-82,36.8-82,82 s36.8,82,82,82s82-36.8,82-82S145.2,18,100,18z M86.4,131.8c-2.4,0-4.7-0.9-6.4-2.6L61.8,111c-3.5-3.5-3.5-9.2,0-12.7 c3.5-3.5,9.2-3.5,12.7,0l11.8,11.8L125.4,71c3.5-3.5,9.2-3.5,12.7,0s3.5,9.2,0,12.7l-45.5,45.5c-1.7,1.7-4,2.6-6.4,2.6L86.4,131.8 L86.4,131.8z\"><\/path><\/svg>\t\t\t\t\t\t<\/span>\n\t\t\t\t\t\t\t\t\t\t<span class=\"elementor-icon-list-text\">Schneiden von Rohren und Profilen mit Schneidemaschine<\/span>\n\t\t\t\t\t\t\t\t\t<\/li>\n\t\t\t\t\t\t\t\t<li class=\"elementor-icon-list-item\">\n\t\t\t\t\t\t\t\t\t\t\t<span class=\"elementor-icon-list-icon\">\n\t\t\t\t\t\t\t<svg xmlns=\"http:\/\/www.w3.org\/2000\/svg\" xmlns:xlink=\"http:\/\/www.w3.org\/1999\/xlink\" id=\"Livello_1\" x=\"0px\" y=\"0px\" viewBox=\"0 0 200 200\" style=\"enable-background:new 0 0 200 200;\" xml:space=\"preserve\"><path d=\"M100,200C44.9,200,0,155.1,0,100S44.9,0,100,0s100,44.9,100,100S155.1,200,100,200z M100,18c-45.2,0-82,36.8-82,82 s36.8,82,82,82s82-36.8,82-82S145.2,18,100,18z M86.4,131.8c-2.4,0-4.7-0.9-6.4-2.6L61.8,111c-3.5-3.5-3.5-9.2,0-12.7 c3.5-3.5,9.2-3.5,12.7,0l11.8,11.8L125.4,71c3.5-3.5,9.2-3.5,12.7,0s3.5,9.2,0,12.7l-45.5,45.5c-1.7,1.7-4,2.6-6.4,2.6L86.4,131.8 L86.4,131.8z\"><\/path><\/svg>\t\t\t\t\t\t<\/span>\n\t\t\t\t\t\t\t\t\t\t<span class=\"elementor-icon-list-text\">CNC-LASER-Schneiden von Blechen aus Eisen, Edelstahl, Aluminium<\/span>\n\t\t\t\t\t\t\t\t\t<\/li>\n\t\t\t\t\t\t\t\t<li class=\"elementor-icon-list-item\">\n\t\t\t\t\t\t\t\t\t\t\t<span class=\"elementor-icon-list-icon\">\n\t\t\t\t\t\t\t<svg xmlns=\"http:\/\/www.w3.org\/2000\/svg\" xmlns:xlink=\"http:\/\/www.w3.org\/1999\/xlink\" id=\"Livello_1\" x=\"0px\" y=\"0px\" viewBox=\"0 0 200 200\" style=\"enable-background:new 0 0 200 200;\" xml:space=\"preserve\"><path d=\"M100,200C44.9,200,0,155.1,0,100S44.9,0,100,0s100,44.9,100,100S155.1,200,100,200z M100,18c-45.2,0-82,36.8-82,82 s36.8,82,82,82s82-36.8,82-82S145.2,18,100,18z M86.4,131.8c-2.4,0-4.7-0.9-6.4-2.6L61.8,111c-3.5-3.5-3.5-9.2,0-12.7 c3.5-3.5,9.2-3.5,12.7,0l11.8,11.8L125.4,71c3.5-3.5,9.2-3.5,12.7,0s3.5,9.2,0,12.7l-45.5,45.5c-1.7,1.7-4,2.6-6.4,2.6L86.4,131.8 L86.4,131.8z\"><\/path><\/svg>\t\t\t\t\t\t<\/span>\n\t\t\t\t\t\t\t\t\t\t<span class=\"elementor-icon-list-text\">CNC-Stanzen<\/span>\n\t\t\t\t\t\t\t\t\t<\/li>\n\t\t\t\t\t\t\t\t<li class=\"elementor-icon-list-item\">\n\t\t\t\t\t\t\t\t\t\t\t<span class=\"elementor-icon-list-icon\">\n\t\t\t\t\t\t\t<svg xmlns=\"http:\/\/www.w3.org\/2000\/svg\" xmlns:xlink=\"http:\/\/www.w3.org\/1999\/xlink\" id=\"Livello_1\" x=\"0px\" y=\"0px\" viewBox=\"0 0 200 200\" style=\"enable-background:new 0 0 200 200;\" xml:space=\"preserve\"><path d=\"M100,200C44.9,200,0,155.1,0,100S44.9,0,100,0s100,44.9,100,100S155.1,200,100,200z M100,18c-45.2,0-82,36.8-82,82 s36.8,82,82,82s82-36.8,82-82S145.2,18,100,18z M86.4,131.8c-2.4,0-4.7-0.9-6.4-2.6L61.8,111c-3.5-3.5-3.5-9.2,0-12.7 c3.5-3.5,9.2-3.5,12.7,0l11.8,11.8L125.4,71c3.5-3.5,9.2-3.5,12.7,0s3.5,9.2,0,12.7l-45.5,45.5c-1.7,1.7-4,2.6-6.4,2.6L86.4,131.8 L86.4,131.8z\"><\/path><\/svg>\t\t\t\t\t\t<\/span>\n\t\t\t\t\t\t\t\t\t\t<span class=\"elementor-icon-list-text\">CNC-Blechbiegen<\/span>\n\t\t\t\t\t\t\t\t\t<\/li>\n\t\t\t\t\t\t\t\t<li class=\"elementor-icon-list-item\">\n\t\t\t\t\t\t\t\t\t\t\t<span class=\"elementor-icon-list-icon\">\n\t\t\t\t\t\t\t<svg xmlns=\"http:\/\/www.w3.org\/2000\/svg\" xmlns:xlink=\"http:\/\/www.w3.org\/1999\/xlink\" id=\"Livello_1\" x=\"0px\" y=\"0px\" viewBox=\"0 0 200 200\" style=\"enable-background:new 0 0 200 200;\" xml:space=\"preserve\"><path d=\"M100,200C44.9,200,0,155.1,0,100S44.9,0,100,0s100,44.9,100,100S155.1,200,100,200z M100,18c-45.2,0-82,36.8-82,82 s36.8,82,82,82s82-36.8,82-82S145.2,18,100,18z M86.4,131.8c-2.4,0-4.7-0.9-6.4-2.6L61.8,111c-3.5-3.5-3.5-9.2,0-12.7 c3.5-3.5,9.2-3.5,12.7,0l11.8,11.8L125.4,71c3.5-3.5,9.2-3.5,12.7,0s3.5,9.2,0,12.7l-45.5,45.5c-1.7,1.7-4,2.6-6.4,2.6L86.4,131.8 L86.4,131.8z\"><\/path><\/svg>\t\t\t\t\t\t<\/span>\n\t\t\t\t\t\t\t\t\t\t<span class=\"elementor-icon-list-text\"><b>Rundbiegen<\/b> von Blechen und Profilbiegen<\/span>\n\t\t\t\t\t\t\t\t\t<\/li>\n\t\t\t\t\t\t<\/ul>\n\t\t\t\t\t\t<\/div>\n\t\t\t\t<div class=\"elementor-element elementor-element-ebd89b6 elementor-widget__width-initial elementor-widget-mobile__width-inherit elementor-icon-list--layout-traditional elementor-list-item-link-full_width elementor-widget elementor-widget-icon-list\" data-id=\"ebd89b6\" data-element_type=\"widget\" data-e-type=\"widget\" data-widget_type=\"icon-list.default\">\n\t\t\t\t\t\t\t<ul class=\"elementor-icon-list-items\">\n\t\t\t\t\t\t\t<li class=\"elementor-icon-list-item\">\n\t\t\t\t\t\t\t\t\t\t\t<span class=\"elementor-icon-list-icon\">\n\t\t\t\t\t\t\t<svg xmlns=\"http:\/\/www.w3.org\/2000\/svg\" xmlns:xlink=\"http:\/\/www.w3.org\/1999\/xlink\" id=\"Livello_1\" x=\"0px\" y=\"0px\" viewBox=\"0 0 200 200\" style=\"enable-background:new 0 0 200 200;\" xml:space=\"preserve\"><path d=\"M100,200C44.9,200,0,155.1,0,100S44.9,0,100,0s100,44.9,100,100S155.1,200,100,200z M100,18c-45.2,0-82,36.8-82,82 s36.8,82,82,82s82-36.8,82-82S145.2,18,100,18z M86.4,131.8c-2.4,0-4.7-0.9-6.4-2.6L61.8,111c-3.5-3.5-3.5-9.2,0-12.7 c3.5-3.5,9.2-3.5,12.7,0l11.8,11.8L125.4,71c3.5-3.5,9.2-3.5,12.7,0s3.5,9.2,0,12.7l-45.5,45.5c-1.7,1.7-4,2.6-6.4,2.6L86.4,131.8 L86.4,131.8z\"><\/path><\/svg>\t\t\t\t\t\t<\/span>\n\t\t\t\t\t\t\t\t\t\t<span class=\"elementor-icon-list-text\">Stanzen und Formen<\/span>\n\t\t\t\t\t\t\t\t\t<\/li>\n\t\t\t\t\t\t\t\t<li class=\"elementor-icon-list-item\">\n\t\t\t\t\t\t\t\t\t\t\t<span class=\"elementor-icon-list-icon\">\n\t\t\t\t\t\t\t<svg xmlns=\"http:\/\/www.w3.org\/2000\/svg\" xmlns:xlink=\"http:\/\/www.w3.org\/1999\/xlink\" id=\"Livello_1\" x=\"0px\" y=\"0px\" viewBox=\"0 0 200 200\" style=\"enable-background:new 0 0 200 200;\" xml:space=\"preserve\"><path d=\"M100,200C44.9,200,0,155.1,0,100S44.9,0,100,0s100,44.9,100,100S155.1,200,100,200z M100,18c-45.2,0-82,36.8-82,82 s36.8,82,82,82s82-36.8,82-82S145.2,18,100,18z M86.4,131.8c-2.4,0-4.7-0.9-6.4-2.6L61.8,111c-3.5-3.5-3.5-9.2,0-12.7 c3.5-3.5,9.2-3.5,12.7,0l11.8,11.8L125.4,71c3.5-3.5,9.2-3.5,12.7,0s3.5,9.2,0,12.7l-45.5,45.5c-1.7,1.7-4,2.6-6.4,2.6L86.4,131.8 L86.4,131.8z\"><\/path><\/svg>\t\t\t\t\t\t<\/span>\n\t\t\t\t\t\t\t\t\t\t<span class=\"elementor-icon-list-text\">Widerstandsschwei\u00dfen mit Punktschwei\u00dfmaschinen<\/span>\n\t\t\t\t\t\t\t\t\t<\/li>\n\t\t\t\t\t\t\t\t<li class=\"elementor-icon-list-item\">\n\t\t\t\t\t\t\t\t\t\t\t<span class=\"elementor-icon-list-icon\">\n\t\t\t\t\t\t\t<svg xmlns=\"http:\/\/www.w3.org\/2000\/svg\" xmlns:xlink=\"http:\/\/www.w3.org\/1999\/xlink\" id=\"Livello_1\" x=\"0px\" y=\"0px\" viewBox=\"0 0 200 200\" style=\"enable-background:new 0 0 200 200;\" xml:space=\"preserve\"><path d=\"M100,200C44.9,200,0,155.1,0,100S44.9,0,100,0s100,44.9,100,100S155.1,200,100,200z M100,18c-45.2,0-82,36.8-82,82 s36.8,82,82,82s82-36.8,82-82S145.2,18,100,18z M86.4,131.8c-2.4,0-4.7-0.9-6.4-2.6L61.8,111c-3.5-3.5-3.5-9.2,0-12.7 c3.5-3.5,9.2-3.5,12.7,0l11.8,11.8L125.4,71c3.5-3.5,9.2-3.5,12.7,0s3.5,9.2,0,12.7l-45.5,45.5c-1.7,1.7-4,2.6-6.4,2.6L86.4,131.8 L86.4,131.8z\"><\/path><\/svg>\t\t\t\t\t\t<\/span>\n\t\t\t\t\t\t\t\t\t\t<span class=\"elementor-icon-list-text\">Manuelles Lichtbogenschwei\u00dfen und Roboterschwei\u00dfen mit MIG- und TIG-Methode<\/span>\n\t\t\t\t\t\t\t\t\t<\/li>\n\t\t\t\t\t\t\t\t<li class=\"elementor-icon-list-item\">\n\t\t\t\t\t\t\t\t\t\t\t<span class=\"elementor-icon-list-icon\">\n\t\t\t\t\t\t\t<svg xmlns=\"http:\/\/www.w3.org\/2000\/svg\" xmlns:xlink=\"http:\/\/www.w3.org\/1999\/xlink\" id=\"Livello_1\" x=\"0px\" y=\"0px\" viewBox=\"0 0 200 200\" style=\"enable-background:new 0 0 200 200;\" xml:space=\"preserve\"><path d=\"M100,200C44.9,200,0,155.1,0,100S44.9,0,100,0s100,44.9,100,100S155.1,200,100,200z M100,18c-45.2,0-82,36.8-82,82 s36.8,82,82,82s82-36.8,82-82S145.2,18,100,18z M86.4,131.8c-2.4,0-4.7-0.9-6.4-2.6L61.8,111c-3.5-3.5-3.5-9.2,0-12.7 c3.5-3.5,9.2-3.5,12.7,0l11.8,11.8L125.4,71c3.5-3.5,9.2-3.5,12.7,0s3.5,9.2,0,12.7l-45.5,45.5c-1.7,1.7-4,2.6-6.4,2.6L86.4,131.8 L86.4,131.8z\"><\/path><\/svg>\t\t\t\t\t\t<\/span>\n\t\t\t\t\t\t\t\t\t\t<span class=\"elementor-icon-list-text\">Bohrarbeiten und Gewinde<\/span>\n\t\t\t\t\t\t\t\t\t<\/li>\n\t\t\t\t\t\t\t\t<li class=\"elementor-icon-list-item\">\n\t\t\t\t\t\t\t\t\t\t\t<span class=\"elementor-icon-list-icon\">\n\t\t\t\t\t\t\t<svg xmlns=\"http:\/\/www.w3.org\/2000\/svg\" xmlns:xlink=\"http:\/\/www.w3.org\/1999\/xlink\" id=\"Livello_1\" x=\"0px\" y=\"0px\" viewBox=\"0 0 200 200\" style=\"enable-background:new 0 0 200 200;\" xml:space=\"preserve\"><path d=\"M100,200C44.9,200,0,155.1,0,100S44.9,0,100,0s100,44.9,100,100S155.1,200,100,200z M100,18c-45.2,0-82,36.8-82,82 s36.8,82,82,82s82-36.8,82-82S145.2,18,100,18z M86.4,131.8c-2.4,0-4.7-0.9-6.4-2.6L61.8,111c-3.5-3.5-3.5-9.2,0-12.7 c3.5-3.5,9.2-3.5,12.7,0l11.8,11.8L125.4,71c3.5-3.5,9.2-3.5,12.7,0s3.5,9.2,0,12.7l-45.5,45.5c-1.7,1.7-4,2.6-6.4,2.6L86.4,131.8 L86.4,131.8z\"><\/path><\/svg>\t\t\t\t\t\t<\/span>\n\t\t\t\t\t\t\t\t\t\t<span class=\"elementor-icon-list-text\">Montage mit Schraubendrehern und Nietmaschinen<\/span>\n\t\t\t\t\t\t\t\t\t<\/li>\n\t\t\t\t\t\t<\/ul>\n\t\t\t\t\t\t<\/div>\n\t\t\t\t\t<\/div>\n\t\t\t\t<\/div>\n\t\t\t\t<div class=\"elementor-element elementor-element-e352410 elementor-widget elementor-widget-text-editor\" data-id=\"e352410\" data-element_type=\"widget\" data-e-type=\"widget\" data-widget_type=\"text-editor.default\">\n\t\t\t\t\t\t\t\t\t<p><strong>Wir verf\u00fcgen \u00fcber einen eigenen Werkzeugbestand f\u00fcr die Ausf\u00fchrung von einfachen Formen, Schwei\u00dfschablonen und speziellen Werkzeugen.<\/strong><\/p>\n\t\t\t\t\t\t\t\t<\/div>\n\t\t\t\t\t<\/div>\n\t\t\t\t<\/div>\n\t\t<div class=\"elementor-element elementor-element-4a72aaf e-flex e-con-boxed e-con e-parent\" data-id=\"4a72aaf\" data-element_type=\"container\" data-e-type=\"container\" data-settings=\"{&quot;background_background&quot;:&quot;classic&quot;}\">\n\t\t\t\t\t<div class=\"e-con-inner\">\n\t\t\t\t<div class=\"elementor-element elementor-element-12af8af elementor-widget-divider--separator-type-pattern elementor-widget-divider--view-line elementor-widget elementor-widget-divider\" data-id=\"12af8af\" data-element_type=\"widget\" data-e-type=\"widget\" data-widget_type=\"divider.default\">\n\t\t\t\t\t\t\t<div class=\"elementor-divider\" style=\"--divider-pattern-url: url(&quot;data:image\/svg+xml,%3Csvg xmlns=&#039;http:\/\/www.w3.org\/2000\/svg&#039; preserveAspectRatio=&#039;none&#039; overflow=&#039;visible&#039; height=&#039;100%&#039; viewBox=&#039;0 0 24 24&#039; fill=&#039;black&#039; stroke=&#039;none&#039;%3E%3Cpolygon points=&#039;9.4,2 24,2 14.6,21.6 0,21.6&#039;\/%3E%3C\/svg%3E&quot;);\">\n\t\t\t<span class=\"elementor-divider-separator\">\n\t\t\t\t\t\t<\/span>\n\t\t<\/div>\n\t\t\t\t\t\t<\/div>\n\t\t\t\t<div class=\"elementor-element elementor-element-baef108 elementor-widget elementor-widget-heading\" data-id=\"baef108\" data-element_type=\"widget\" data-e-type=\"widget\" data-widget_type=\"heading.default\">\n\t\t\t\t\t<h3 class=\"elementor-heading-title elementor-size-default\">Wir k\u00f6nnen komplette Produkte mit Oberfl\u00e4chenbehandlungen liefern,<\/h3>\t\t\t\t<\/div>\n\t\t\t\t<div class=\"elementor-element elementor-element-1e454ad elementor-widget elementor-widget-text-editor\" data-id=\"1e454ad\" data-element_type=\"widget\" data-e-type=\"widget\" data-widget_type=\"text-editor.default\">\n\t\t\t\t\t\t\t\t\t<p>die bei unseren qualifizierten und erfahrenen externen Lieferanten durchgef\u00fchrt werden:<\/p>\n\t\t\t\t\t\t\t\t<\/div>\n\t\t<div class=\"elementor-element elementor-element-b3b552d e-con-full e-flex e-con e-child\" data-id=\"b3b552d\" data-element_type=\"container\" data-e-type=\"container\">\n\t\t\t\t<div class=\"elementor-element elementor-element-1f98429 elementor-widget elementor-widget-heading\" data-id=\"1f98429\" data-element_type=\"widget\" data-e-type=\"widget\" data-widget_type=\"heading.default\">\n\t\t\t\t\t<h6 class=\"elementor-heading-title elementor-size-default\">Pulverbeschichtung<\/h6>\t\t\t\t<\/div>\n\t\t\t\t<div class=\"elementor-element elementor-element-dd4fe86 elementor-widget elementor-widget-heading\" data-id=\"dd4fe86\" data-element_type=\"widget\" data-e-type=\"widget\" data-widget_type=\"heading.default\">\n\t\t\t\t\t<h6 class=\"elementor-heading-title elementor-size-default\">Elektrolytische Verzinkung<\/h6>\t\t\t\t<\/div>\n\t\t\t\t<div class=\"elementor-element elementor-element-415bbd0 elementor-widget elementor-widget-heading\" data-id=\"415bbd0\" data-element_type=\"widget\" data-e-type=\"widget\" data-widget_type=\"heading.default\">\n\t\t\t\t\t<h6 class=\"elementor-heading-title elementor-size-default\">Feuerverzinkung<\/h6>\t\t\t\t<\/div>\n\t\t\t\t<div class=\"elementor-element elementor-element-eeef8fe elementor-widget elementor-widget-heading\" data-id=\"eeef8fe\" data-element_type=\"widget\" data-e-type=\"widget\" data-widget_type=\"heading.default\">\n\t\t\t\t\t<h6 class=\"elementor-heading-title elementor-size-default\">Verchromung<\/h6>\t\t\t\t<\/div>\n\t\t\t\t<div class=\"elementor-element elementor-element-7a9452b elementor-widget elementor-widget-heading\" data-id=\"7a9452b\" data-element_type=\"widget\" data-e-type=\"widget\" data-widget_type=\"heading.default\">\n\t\t\t\t\t<h6 class=\"elementor-heading-title elementor-size-default\">Anodische Oxidation<\/h6>\t\t\t\t<\/div>\n\t\t\t\t<\/div>\n\t\t\t\t\t<\/div>\n\t\t\t\t<\/div>\n\t\t<div class=\"elementor-element elementor-element-3be0cc9 e-con-full e-flex e-con e-parent\" data-id=\"3be0cc9\" data-element_type=\"container\" data-e-type=\"container\">\n\t\t\t\t<div class=\"elementor-element elementor-element-13da3e4 elementor-widget elementor-widget-gallery\" data-id=\"13da3e4\" data-element_type=\"widget\" data-e-type=\"widget\" data-settings=\"{&quot;columns&quot;:3,&quot;gap&quot;:{&quot;unit&quot;:&quot;px&quot;,&quot;size&quot;:0,&quot;sizes&quot;:[]},&quot;columns_mobile&quot;:2,&quot;gap_tablet&quot;:{&quot;unit&quot;:&quot;px&quot;,&quot;size&quot;:0,&quot;sizes&quot;:[]},&quot;gap_mobile&quot;:{&quot;unit&quot;:&quot;px&quot;,&quot;size&quot;:0,&quot;sizes&quot;:[]},&quot;gallery_layout&quot;:&quot;grid&quot;,&quot;columns_tablet&quot;:2,&quot;link_to&quot;:&quot;file&quot;,&quot;aspect_ratio&quot;:&quot;3:2&quot;,&quot;overlay_background&quot;:&quot;yes&quot;,&quot;content_hover_animation&quot;:&quot;fade-in&quot;}\" data-widget_type=\"gallery.default\">\n\t\t\t\t\t\t\t<div class=\"elementor-gallery__container\">\n\t\t\t\t\t\t\t<a class=\"e-gallery-item elementor-gallery-item elementor-animated-content\" href=\"https:\/\/www.saetec.eu\/wp-content\/uploads\/2024\/04\/Saetec-Lavorazioni-03.webp\" data-elementor-open-lightbox=\"yes\" data-elementor-lightbox-slideshow=\"13da3e4\" data-e-action-hash=\"#elementor-action%3Aaction%3Dlightbox%26settings%3DeyJpZCI6MTMyNCwidXJsIjoiaHR0cHM6XC9cL3d3dy5zYWV0ZWMuZXVcL3dwLWNvbnRlbnRcL3VwbG9hZHNcLzIwMjRcLzA0XC9TYWV0ZWMtTGF2b3JhemlvbmktMDMud2VicCIsInNsaWRlc2hvdyI6IjEzZGEzZTQifQ%3D%3D\">\n\t\t\t\t\t<div class=\"e-gallery-image elementor-gallery-item__image\" data-thumbnail=\"https:\/\/www.saetec.eu\/wp-content\/uploads\/2024\/04\/Saetec-Lavorazioni-03-768x512.webp\" data-width=\"768\" data-height=\"512\" aria-label=\"\" role=\"img\" ><\/div>\n\t\t\t\t\t\t\t\t\t\t\t<div class=\"elementor-gallery-item__overlay\"><\/div>\n\t\t\t\t\t\t\t\t\t\t\t\t\t\t<\/a>\n\t\t\t\t\t\t\t<a class=\"e-gallery-item elementor-gallery-item elementor-animated-content\" href=\"https:\/\/www.saetec.eu\/wp-content\/uploads\/2024\/04\/Saetec-Lavorazioni-01.webp\" data-elementor-open-lightbox=\"yes\" data-elementor-lightbox-slideshow=\"13da3e4\" data-e-action-hash=\"#elementor-action%3Aaction%3Dlightbox%26settings%3DeyJpZCI6MTMyMCwidXJsIjoiaHR0cHM6XC9cL3d3dy5zYWV0ZWMuZXVcL3dwLWNvbnRlbnRcL3VwbG9hZHNcLzIwMjRcLzA0XC9TYWV0ZWMtTGF2b3JhemlvbmktMDEud2VicCIsInNsaWRlc2hvdyI6IjEzZGEzZTQifQ%3D%3D\">\n\t\t\t\t\t<div class=\"e-gallery-image elementor-gallery-item__image\" data-thumbnail=\"https:\/\/www.saetec.eu\/wp-content\/uploads\/2024\/04\/Saetec-Lavorazioni-01-768x512.webp\" data-width=\"768\" data-height=\"512\" aria-label=\"\" role=\"img\" ><\/div>\n\t\t\t\t\t\t\t\t\t\t\t<div class=\"elementor-gallery-item__overlay\"><\/div>\n\t\t\t\t\t\t\t\t\t\t\t\t\t\t<\/a>\n\t\t\t\t\t\t\t<a class=\"e-gallery-item elementor-gallery-item elementor-animated-content\" href=\"https:\/\/www.saetec.eu\/wp-content\/uploads\/2024\/04\/Saetec-Lavorazioni-02.webp\" data-elementor-open-lightbox=\"yes\" data-elementor-lightbox-slideshow=\"13da3e4\" data-e-action-hash=\"#elementor-action%3Aaction%3Dlightbox%26settings%3DeyJpZCI6MTMyMiwidXJsIjoiaHR0cHM6XC9cL3d3dy5zYWV0ZWMuZXVcL3dwLWNvbnRlbnRcL3VwbG9hZHNcLzIwMjRcLzA0XC9TYWV0ZWMtTGF2b3JhemlvbmktMDIud2VicCIsInNsaWRlc2hvdyI6IjEzZGEzZTQifQ%3D%3D\">\n\t\t\t\t\t<div class=\"e-gallery-image elementor-gallery-item__image\" data-thumbnail=\"https:\/\/www.saetec.eu\/wp-content\/uploads\/2024\/04\/Saetec-Lavorazioni-02-768x512.webp\" data-width=\"768\" data-height=\"512\" aria-label=\"\" role=\"img\" ><\/div>\n\t\t\t\t\t\t\t\t\t\t\t<div class=\"elementor-gallery-item__overlay\"><\/div>\n\t\t\t\t\t\t\t\t\t\t\t\t\t\t<\/a>\n\t\t\t\t\t\t\t<a class=\"e-gallery-item elementor-gallery-item elementor-animated-content\" href=\"https:\/\/www.saetec.eu\/wp-content\/uploads\/2024\/04\/Saetec-Lavorazioni-04.webp\" data-elementor-open-lightbox=\"yes\" data-elementor-lightbox-slideshow=\"13da3e4\" data-e-action-hash=\"#elementor-action%3Aaction%3Dlightbox%26settings%3DeyJpZCI6MTMyNiwidXJsIjoiaHR0cHM6XC9cL3d3dy5zYWV0ZWMuZXVcL3dwLWNvbnRlbnRcL3VwbG9hZHNcLzIwMjRcLzA0XC9TYWV0ZWMtTGF2b3JhemlvbmktMDQud2VicCIsInNsaWRlc2hvdyI6IjEzZGEzZTQifQ%3D%3D\">\n\t\t\t\t\t<div class=\"e-gallery-image elementor-gallery-item__image\" data-thumbnail=\"https:\/\/www.saetec.eu\/wp-content\/uploads\/2024\/04\/Saetec-Lavorazioni-04-768x512.webp\" data-width=\"768\" data-height=\"512\" aria-label=\"\" role=\"img\" ><\/div>\n\t\t\t\t\t\t\t\t\t\t\t<div class=\"elementor-gallery-item__overlay\"><\/div>\n\t\t\t\t\t\t\t\t\t\t\t\t\t\t<\/a>\n\t\t\t\t\t\t\t<a class=\"e-gallery-item elementor-gallery-item elementor-animated-content\" href=\"https:\/\/www.saetec.eu\/wp-content\/uploads\/2024\/04\/Saetec-Lavorazioni-05.webp\" data-elementor-open-lightbox=\"yes\" data-elementor-lightbox-slideshow=\"13da3e4\" data-e-action-hash=\"#elementor-action%3Aaction%3Dlightbox%26settings%3DeyJpZCI6MTM3MCwidXJsIjoiaHR0cHM6XC9cL3d3dy5zYWV0ZWMuZXVcL3dwLWNvbnRlbnRcL3VwbG9hZHNcLzIwMjRcLzA0XC9TYWV0ZWMtTGF2b3JhemlvbmktMDUud2VicCIsInNsaWRlc2hvdyI6IjEzZGEzZTQifQ%3D%3D\">\n\t\t\t\t\t<div class=\"e-gallery-image elementor-gallery-item__image\" data-thumbnail=\"https:\/\/www.saetec.eu\/wp-content\/uploads\/2024\/04\/Saetec-Lavorazioni-05-768x512.webp\" data-width=\"768\" data-height=\"512\" aria-label=\"\" role=\"img\" ><\/div>\n\t\t\t\t\t\t\t\t\t\t\t<div class=\"elementor-gallery-item__overlay\"><\/div>\n\t\t\t\t\t\t\t\t\t\t\t\t\t\t<\/a>\n\t\t\t\t\t\t\t<a class=\"e-gallery-item elementor-gallery-item elementor-animated-content\" href=\"https:\/\/www.saetec.eu\/wp-content\/uploads\/2024\/04\/Saetec-Lavorazioni-06.webp\" data-elementor-open-lightbox=\"yes\" data-elementor-lightbox-slideshow=\"13da3e4\" data-e-action-hash=\"#elementor-action%3Aaction%3Dlightbox%26settings%3DeyJpZCI6MTM3NSwidXJsIjoiaHR0cHM6XC9cL3d3dy5zYWV0ZWMuZXVcL3dwLWNvbnRlbnRcL3VwbG9hZHNcLzIwMjRcLzA0XC9TYWV0ZWMtTGF2b3JhemlvbmktMDYud2VicCIsInNsaWRlc2hvdyI6IjEzZGEzZTQifQ%3D%3D\">\n\t\t\t\t\t<div class=\"e-gallery-image elementor-gallery-item__image\" data-thumbnail=\"https:\/\/www.saetec.eu\/wp-content\/uploads\/2024\/04\/Saetec-Lavorazioni-06-768x512.webp\" data-width=\"768\" data-height=\"512\" aria-label=\"\" role=\"img\" ><\/div>\n\t\t\t\t\t\t\t\t\t\t\t<div class=\"elementor-gallery-item__overlay\"><\/div>\n\t\t\t\t\t\t\t\t\t\t\t\t\t\t<\/a>\n\t\t\t\t\t<\/div>\n\t\t\t\t\t<\/div>\n\t\t\t\t<\/div>\n\t\t\t\t<\/div>\n\t\t","protected":false},"excerpt":{"rendered":"<p>Bearbeitungen Wir verwenden unseren Maschinenpark, der st\u00e4ndig aktualisiert wird, f\u00fcr: Blechschneiden mit Schere Schneiden von Rohren und Profilen mit Schneidemaschine CNC-LASER-Schneiden von Blechen aus Eisen, Edelstahl, Aluminium CNC-Stanzen CNC-Blechbiegen Rundbiegen von Blechen und Profilbiegen Stanzen und Formen Widerstandsschwei\u00dfen mit Punktschwei\u00dfmaschinen Manuelles Lichtbogenschwei\u00dfen und Roboterschwei\u00dfen mit MIG- und TIG-Methode Bohrarbeiten und Gewinde Montage mit Schraubendrehern und [&hellip;]<\/p>\n","protected":false},"author":1,"featured_media":0,"parent":0,"menu_order":0,"comment_status":"closed","ping_status":"closed","template":"","meta":{"footnotes":""},"class_list":["post-1769","page","type-page","status-publish","hentry"],"_links":{"self":[{"href":"https:\/\/www.saetec.eu\/de\/wp-json\/wp\/v2\/pages\/1769","targetHints":{"allow":["GET"]}}],"collection":[{"href":"https:\/\/www.saetec.eu\/de\/wp-json\/wp\/v2\/pages"}],"about":[{"href":"https:\/\/www.saetec.eu\/de\/wp-json\/wp\/v2\/types\/page"}],"author":[{"embeddable":true,"href":"https:\/\/www.saetec.eu\/de\/wp-json\/wp\/v2\/users\/1"}],"replies":[{"embeddable":true,"href":"https:\/\/www.saetec.eu\/de\/wp-json\/wp\/v2\/comments?post=1769"}],"version-history":[{"count":2,"href":"https:\/\/www.saetec.eu\/de\/wp-json\/wp\/v2\/pages\/1769\/revisions"}],"predecessor-version":[{"id":1945,"href":"https:\/\/www.saetec.eu\/de\/wp-json\/wp\/v2\/pages\/1769\/revisions\/1945"}],"wp:attachment":[{"href":"https:\/\/www.saetec.eu\/de\/wp-json\/wp\/v2\/media?parent=1769"}],"curies":[{"name":"wp","href":"https:\/\/api.w.org\/{rel}","templated":true}]}}