{"id":1777,"date":"2024-02-08T09:04:52","date_gmt":"2024-02-08T08:04:52","guid":{"rendered":"https:\/\/www.saetec.eu\/produktion\/"},"modified":"2024-06-20T09:15:38","modified_gmt":"2024-06-20T07:15:38","slug":"produktion","status":"publish","type":"page","link":"https:\/\/www.saetec.eu\/de\/produktion\/","title":{"rendered":"Produktion"},"content":{"rendered":"\t\t<div data-elementor-type=\"wp-page\" data-elementor-id=\"1777\" class=\"elementor elementor-1777 elementor-192\" data-elementor-post-type=\"page\">\n\t\t\t\t<div class=\"elementor-element elementor-element-0404b88 e-flex e-con-boxed e-con e-parent\" data-id=\"0404b88\" data-element_type=\"container\" data-e-type=\"container\" data-settings=\"{&quot;background_background&quot;:&quot;classic&quot;,&quot;shape_divider_bottom&quot;:&quot;triangle-asymmetrical&quot;,&quot;shape_divider_bottom_negative&quot;:&quot;yes&quot;}\">\n\t\t\t\t\t<div class=\"e-con-inner\">\n\t\t\t\t<div class=\"elementor-shape elementor-shape-bottom\" aria-hidden=\"true\" data-negative=\"true\">\n\t\t\t<svg xmlns=\"http:\/\/www.w3.org\/2000\/svg\" viewBox=\"0 0 1000 100\" preserveAspectRatio=\"none\">\n\t<path class=\"elementor-shape-fill\" d=\"M737.9,94.7L0,0v100h1000V0L737.9,94.7z\"\/>\n<\/svg>\t\t<\/div>\n\t\t\t\t<div class=\"elementor-element elementor-element-10890db elementor-widget-divider--separator-type-pattern elementor-widget-divider--view-line elementor-widget elementor-widget-divider\" data-id=\"10890db\" data-element_type=\"widget\" data-e-type=\"widget\" data-widget_type=\"divider.default\">\n\t\t\t\t\t\t\t<div class=\"elementor-divider\" style=\"--divider-pattern-url: url(&quot;data:image\/svg+xml,%3Csvg xmlns=&#039;http:\/\/www.w3.org\/2000\/svg&#039; preserveAspectRatio=&#039;none&#039; overflow=&#039;visible&#039; height=&#039;100%&#039; viewBox=&#039;0 0 24 24&#039; fill=&#039;black&#039; stroke=&#039;none&#039;%3E%3Cpolygon points=&#039;9.4,2 24,2 14.6,21.6 0,21.6&#039;\/%3E%3C\/svg%3E&quot;);\">\n\t\t\t<span class=\"elementor-divider-separator\">\n\t\t\t\t\t\t<\/span>\n\t\t<\/div>\n\t\t\t\t\t\t<\/div>\n\t\t\t\t\t<\/div>\n\t\t\t\t<\/div>\n\t\t<div class=\"elementor-element elementor-element-3a68762 e-flex e-con-boxed e-con e-parent\" data-id=\"3a68762\" data-element_type=\"container\" data-e-type=\"container\">\n\t\t\t\t\t<div class=\"e-con-inner\">\n\t\t\t\t<div class=\"elementor-element elementor-element-6e67ae6 elementor-widget__width-initial elementor-widget-mobile__width-inherit elementor-widget elementor-widget-heading\" data-id=\"6e67ae6\" data-element_type=\"widget\" data-e-type=\"widget\" data-widget_type=\"heading.default\">\n\t\t\t\t\t<h2 class=\"elementor-heading-title elementor-size-default\">Bearbeitung von Blech und Leichtmetallarbeiten<\/h2>\t\t\t\t<\/div>\n\t\t\t\t<div class=\"elementor-element elementor-element-6d864bf elementor-widget elementor-widget-text-editor\" data-id=\"6d864bf\" data-element_type=\"widget\" data-e-type=\"widget\" data-widget_type=\"text-editor.default\">\n\t\t\t\t\t\t\t\t\t<p>Als Spezialist f\u00fcr <strong>Leichtmetallarbeiten<\/strong> hat Saetec ein breites Angebot an <strong>L\u00f6sungen f\u00fcr die Blechbearbeitung<\/strong>, die von der <strong>Herstellung einzelner Komponenten<\/strong> bis hin zur zu <strong>Endprodukten reichen<\/strong>.<\/p>\n<p>Dank der Verwendung von <strong>Spitzentechnologien<\/strong> und einem fundierten <strong>technischen Know-how<\/strong> sind wir in der <strong>Lage, Blech <\/strong> in Paneele, Gestelle, Halterungen, Profile und K\u00e4sten umzuwandeln <strong>sowie Endprodukte <\/strong> wie Schaltschr\u00e4nke, Tische f\u00fcr elektronische Labore, spezielle Metallschr\u00e4nke und Karosserien herzustellen.<\/p>\n<p>Jedes Verfahren wird mit <strong>Pr\u00e4zision und Liebe zum Detail <\/strong> durchgef\u00fchrt. Auf diese Weise garantieren wir <strong>Qualit\u00e4t und Zuverl\u00e4ssigkeit<\/strong>. Unsere Produktionskapazit\u00e4ten und unsere Verpflichtung zur Innovation erm\u00f6glichen es uns, <strong>komplexe Projekte <\/strong> umzusetzen und effiziente und <strong>kundenspezifische L\u00f6sungen<\/strong> anzubieten, die zum Erfolg der Projekte unserer Kunden beitragen.<\/p>\n\t\t\t\t\t\t\t\t<\/div>\n\t\t\t\t\t<\/div>\n\t\t\t\t<\/div>\n\t\t<div class=\"elementor-element elementor-element-f824a3d e-flex e-con-boxed e-con e-parent\" data-id=\"f824a3d\" data-element_type=\"container\" data-e-type=\"container\" data-settings=\"{&quot;background_background&quot;:&quot;classic&quot;}\">\n\t\t\t\t\t<div class=\"e-con-inner\">\n\t\t\t\t<div class=\"elementor-element elementor-element-6244529 elementor-widget-divider--separator-type-pattern elementor-widget-divider--view-line elementor-widget elementor-widget-divider\" data-id=\"6244529\" data-element_type=\"widget\" data-e-type=\"widget\" data-widget_type=\"divider.default\">\n\t\t\t\t\t\t\t<div class=\"elementor-divider\" style=\"--divider-pattern-url: url(&quot;data:image\/svg+xml,%3Csvg xmlns=&#039;http:\/\/www.w3.org\/2000\/svg&#039; preserveAspectRatio=&#039;none&#039; overflow=&#039;visible&#039; height=&#039;100%&#039; viewBox=&#039;0 0 24 24&#039; fill=&#039;black&#039; stroke=&#039;none&#039;%3E%3Cpolygon points=&#039;9.4,2 24,2 14.6,21.6 0,21.6&#039;\/%3E%3C\/svg%3E&quot;);\">\n\t\t\t<span class=\"elementor-divider-separator\">\n\t\t\t\t\t\t<\/span>\n\t\t<\/div>\n\t\t\t\t\t\t<\/div>\n\t\t\t\t<div class=\"elementor-element elementor-element-0ff3c61 elementor-widget elementor-widget-heading\" data-id=\"0ff3c61\" data-element_type=\"widget\" data-e-type=\"widget\" data-widget_type=\"heading.default\">\n\t\t\t\t\t<h3 class=\"elementor-heading-title elementor-size-default\">Bearbeitung von <font class=\"evidenza\">Blechkomponenten<\/font><\/h3>\t\t\t\t<\/div>\n\t\t<div class=\"elementor-element elementor-element-81e34d1 e-flex e-con-boxed e-con e-child\" data-id=\"81e34d1\" data-element_type=\"container\" data-e-type=\"container\">\n\t\t\t\t\t<div class=\"e-con-inner\">\n\t\t\t\t<div class=\"elementor-element elementor-element-b69bdc5 elementor-widget elementor-widget-heading\" data-id=\"b69bdc5\" data-element_type=\"widget\" data-e-type=\"widget\" data-widget_type=\"heading.default\">\n\t\t\t\t\t<h6 class=\"elementor-heading-title elementor-size-default\">Paneele und Gestelle<\/h6>\t\t\t\t<\/div>\n\t\t\t\t<div class=\"elementor-element elementor-element-0c8082f elementor-widget elementor-widget-heading\" data-id=\"0c8082f\" data-element_type=\"widget\" data-e-type=\"widget\" data-widget_type=\"heading.default\">\n\t\t\t\t\t<h6 class=\"elementor-heading-title elementor-size-default\">Halterungen und Profile<\/h6>\t\t\t\t<\/div>\n\t\t\t\t<div class=\"elementor-element elementor-element-c4fffe9 elementor-widget elementor-widget-heading\" data-id=\"c4fffe9\" data-element_type=\"widget\" data-e-type=\"widget\" data-widget_type=\"heading.default\">\n\t\t\t\t\t<h6 class=\"elementor-heading-title elementor-size-default\">K\u00e4sten aus gebogenem Blech<\/h6>\t\t\t\t<\/div>\n\t\t\t\t\t<\/div>\n\t\t\t\t<\/div>\n\t\t\t\t\t<\/div>\n\t\t\t\t<\/div>\n\t\t<div class=\"elementor-element elementor-element-d00afd7 e-con-full e-flex e-con e-parent\" data-id=\"d00afd7\" data-element_type=\"container\" data-e-type=\"container\">\n\t\t\t\t<div class=\"elementor-element elementor-element-8a1c593 elementor-widget elementor-widget-gallery\" data-id=\"8a1c593\" data-element_type=\"widget\" data-e-type=\"widget\" data-settings=\"{&quot;columns&quot;:6,&quot;gap&quot;:{&quot;unit&quot;:&quot;px&quot;,&quot;size&quot;:0,&quot;sizes&quot;:[]},&quot;aspect_ratio&quot;:&quot;1:1&quot;,&quot;columns_tablet&quot;:3,&quot;columns_mobile&quot;:2,&quot;gap_tablet&quot;:{&quot;unit&quot;:&quot;px&quot;,&quot;size&quot;:0,&quot;sizes&quot;:[]},&quot;gap_mobile&quot;:{&quot;unit&quot;:&quot;px&quot;,&quot;size&quot;:0,&quot;sizes&quot;:[]},&quot;gallery_layout&quot;:&quot;grid&quot;,&quot;link_to&quot;:&quot;file&quot;,&quot;overlay_background&quot;:&quot;yes&quot;,&quot;content_hover_animation&quot;:&quot;fade-in&quot;}\" data-widget_type=\"gallery.default\">\n\t\t\t\t\t\t\t<div class=\"elementor-gallery__container\">\n\t\t\t\t\t\t\t<a class=\"e-gallery-item elementor-gallery-item elementor-animated-content\" href=\"https:\/\/www.saetec.eu\/wp-content\/uploads\/2024\/04\/Saetec-Lavorazione-componenti-in-lamiera-01.webp\" data-elementor-open-lightbox=\"yes\" data-elementor-lightbox-slideshow=\"8a1c593\" data-e-action-hash=\"#elementor-action%3Aaction%3Dlightbox%26settings%3DeyJpZCI6MTMzMiwidXJsIjoiaHR0cHM6XC9cL3d3dy5zYWV0ZWMuZXVcL3dwLWNvbnRlbnRcL3VwbG9hZHNcLzIwMjRcLzA0XC9TYWV0ZWMtTGF2b3JhemlvbmUtY29tcG9uZW50aS1pbi1sYW1pZXJhLTAxLndlYnAiLCJzbGlkZXNob3ciOiI4YTFjNTkzIn0%3D\">\n\t\t\t\t\t<div class=\"e-gallery-image elementor-gallery-item__image\" data-thumbnail=\"https:\/\/www.saetec.eu\/wp-content\/uploads\/2024\/04\/Saetec-Lavorazione-componenti-in-lamiera-01-768x768.webp\" data-width=\"768\" data-height=\"768\" aria-label=\"\" role=\"img\" ><\/div>\n\t\t\t\t\t\t\t\t\t\t\t<div class=\"elementor-gallery-item__overlay\"><\/div>\n\t\t\t\t\t\t\t\t\t\t\t\t\t\t<\/a>\n\t\t\t\t\t\t\t<a class=\"e-gallery-item elementor-gallery-item elementor-animated-content\" href=\"https:\/\/www.saetec.eu\/wp-content\/uploads\/2024\/04\/Saetec-Lavorazione-componenti-in-lamiera-02.webp\" data-elementor-open-lightbox=\"yes\" data-elementor-lightbox-slideshow=\"8a1c593\" data-e-action-hash=\"#elementor-action%3Aaction%3Dlightbox%26settings%3DeyJpZCI6MTM0MCwidXJsIjoiaHR0cHM6XC9cL3d3dy5zYWV0ZWMuZXVcL3dwLWNvbnRlbnRcL3VwbG9hZHNcLzIwMjRcLzA0XC9TYWV0ZWMtTGF2b3JhemlvbmUtY29tcG9uZW50aS1pbi1sYW1pZXJhLTAyLndlYnAiLCJzbGlkZXNob3ciOiI4YTFjNTkzIn0%3D\">\n\t\t\t\t\t<div class=\"e-gallery-image elementor-gallery-item__image\" data-thumbnail=\"https:\/\/www.saetec.eu\/wp-content\/uploads\/2024\/04\/Saetec-Lavorazione-componenti-in-lamiera-02-768x768.webp\" data-width=\"768\" data-height=\"768\" aria-label=\"\" role=\"img\" ><\/div>\n\t\t\t\t\t\t\t\t\t\t\t<div class=\"elementor-gallery-item__overlay\"><\/div>\n\t\t\t\t\t\t\t\t\t\t\t\t\t\t<\/a>\n\t\t\t\t\t\t\t<a class=\"e-gallery-item elementor-gallery-item elementor-animated-content\" href=\"https:\/\/www.saetec.eu\/wp-content\/uploads\/2024\/04\/Saetec-Lavorazione-componenti-in-lamiera-04.webp\" data-elementor-open-lightbox=\"yes\" data-elementor-lightbox-slideshow=\"8a1c593\" data-e-action-hash=\"#elementor-action%3Aaction%3Dlightbox%26settings%3DeyJpZCI6MTM1NiwidXJsIjoiaHR0cHM6XC9cL3d3dy5zYWV0ZWMuZXVcL3dwLWNvbnRlbnRcL3VwbG9hZHNcLzIwMjRcLzA0XC9TYWV0ZWMtTGF2b3JhemlvbmUtY29tcG9uZW50aS1pbi1sYW1pZXJhLTA0LndlYnAiLCJzbGlkZXNob3ciOiI4YTFjNTkzIn0%3D\">\n\t\t\t\t\t<div class=\"e-gallery-image elementor-gallery-item__image\" data-thumbnail=\"https:\/\/www.saetec.eu\/wp-content\/uploads\/2024\/04\/Saetec-Lavorazione-componenti-in-lamiera-04-768x768.webp\" data-width=\"768\" data-height=\"768\" aria-label=\"\" role=\"img\" ><\/div>\n\t\t\t\t\t\t\t\t\t\t\t<div class=\"elementor-gallery-item__overlay\"><\/div>\n\t\t\t\t\t\t\t\t\t\t\t\t\t\t<\/a>\n\t\t\t\t\t\t\t<a class=\"e-gallery-item elementor-gallery-item elementor-animated-content\" href=\"https:\/\/www.saetec.eu\/wp-content\/uploads\/2024\/04\/Saetec-Lavorazione-componenti-in-lamiera-05.webp\" data-elementor-open-lightbox=\"yes\" data-elementor-lightbox-slideshow=\"8a1c593\" data-e-action-hash=\"#elementor-action%3Aaction%3Dlightbox%26settings%3DeyJpZCI6MTM1OCwidXJsIjoiaHR0cHM6XC9cL3d3dy5zYWV0ZWMuZXVcL3dwLWNvbnRlbnRcL3VwbG9hZHNcLzIwMjRcLzA0XC9TYWV0ZWMtTGF2b3JhemlvbmUtY29tcG9uZW50aS1pbi1sYW1pZXJhLTA1LndlYnAiLCJzbGlkZXNob3ciOiI4YTFjNTkzIn0%3D\">\n\t\t\t\t\t<div class=\"e-gallery-image elementor-gallery-item__image\" data-thumbnail=\"https:\/\/www.saetec.eu\/wp-content\/uploads\/2024\/04\/Saetec-Lavorazione-componenti-in-lamiera-05-768x768.webp\" data-width=\"768\" data-height=\"768\" aria-label=\"\" role=\"img\" ><\/div>\n\t\t\t\t\t\t\t\t\t\t\t<div class=\"elementor-gallery-item__overlay\"><\/div>\n\t\t\t\t\t\t\t\t\t\t\t\t\t\t<\/a>\n\t\t\t\t\t\t\t<a class=\"e-gallery-item elementor-gallery-item elementor-animated-content\" href=\"https:\/\/www.saetec.eu\/wp-content\/uploads\/2024\/04\/Saetec-Lavorazione-componenti-in-lamiera-06.webp\" data-elementor-open-lightbox=\"yes\" data-elementor-lightbox-slideshow=\"8a1c593\" data-e-action-hash=\"#elementor-action%3Aaction%3Dlightbox%26settings%3DeyJpZCI6MTM2MywidXJsIjoiaHR0cHM6XC9cL3d3dy5zYWV0ZWMuZXVcL3dwLWNvbnRlbnRcL3VwbG9hZHNcLzIwMjRcLzA0XC9TYWV0ZWMtTGF2b3JhemlvbmUtY29tcG9uZW50aS1pbi1sYW1pZXJhLTA2LndlYnAiLCJzbGlkZXNob3ciOiI4YTFjNTkzIn0%3D\">\n\t\t\t\t\t<div class=\"e-gallery-image elementor-gallery-item__image\" data-thumbnail=\"https:\/\/www.saetec.eu\/wp-content\/uploads\/2024\/04\/Saetec-Lavorazione-componenti-in-lamiera-06-768x768.webp\" data-width=\"768\" data-height=\"768\" aria-label=\"\" role=\"img\" ><\/div>\n\t\t\t\t\t\t\t\t\t\t\t<div class=\"elementor-gallery-item__overlay\"><\/div>\n\t\t\t\t\t\t\t\t\t\t\t\t\t\t<\/a>\n\t\t\t\t\t\t\t<a class=\"e-gallery-item elementor-gallery-item elementor-animated-content\" href=\"https:\/\/www.saetec.eu\/wp-content\/uploads\/2024\/04\/Saetec-Lavorazione-componenti-in-lamiera-07.webp\" data-elementor-open-lightbox=\"yes\" data-elementor-lightbox-slideshow=\"8a1c593\" data-e-action-hash=\"#elementor-action%3Aaction%3Dlightbox%26settings%3DeyJpZCI6MTM2NSwidXJsIjoiaHR0cHM6XC9cL3d3dy5zYWV0ZWMuZXVcL3dwLWNvbnRlbnRcL3VwbG9hZHNcLzIwMjRcLzA0XC9TYWV0ZWMtTGF2b3JhemlvbmUtY29tcG9uZW50aS1pbi1sYW1pZXJhLTA3LndlYnAiLCJzbGlkZXNob3ciOiI4YTFjNTkzIn0%3D\">\n\t\t\t\t\t<div class=\"e-gallery-image elementor-gallery-item__image\" data-thumbnail=\"https:\/\/www.saetec.eu\/wp-content\/uploads\/2024\/04\/Saetec-Lavorazione-componenti-in-lamiera-07-768x768.webp\" data-width=\"768\" data-height=\"768\" aria-label=\"\" role=\"img\" ><\/div>\n\t\t\t\t\t\t\t\t\t\t\t<div class=\"elementor-gallery-item__overlay\"><\/div>\n\t\t\t\t\t\t\t\t\t\t\t\t\t\t<\/a>\n\t\t\t\t\t<\/div>\n\t\t\t\t\t<\/div>\n\t\t\t\t<\/div>\n\t\t<div class=\"elementor-element elementor-element-8ec13c4 e-flex e-con-boxed e-con e-parent\" data-id=\"8ec13c4\" data-element_type=\"container\" data-e-type=\"container\" data-settings=\"{&quot;background_background&quot;:&quot;classic&quot;}\">\n\t\t\t\t\t<div class=\"e-con-inner\">\n\t\t\t\t<div class=\"elementor-element elementor-element-dcf8108 elementor-widget-divider--separator-type-pattern elementor-widget-divider--view-line elementor-widget elementor-widget-divider\" data-id=\"dcf8108\" data-element_type=\"widget\" data-e-type=\"widget\" data-widget_type=\"divider.default\">\n\t\t\t\t\t\t\t<div class=\"elementor-divider\" style=\"--divider-pattern-url: url(&quot;data:image\/svg+xml,%3Csvg xmlns=&#039;http:\/\/www.w3.org\/2000\/svg&#039; preserveAspectRatio=&#039;none&#039; overflow=&#039;visible&#039; height=&#039;100%&#039; viewBox=&#039;0 0 24 24&#039; fill=&#039;black&#039; stroke=&#039;none&#039;%3E%3Cpolygon points=&#039;9.4,2 24,2 14.6,21.6 0,21.6&#039;\/%3E%3C\/svg%3E&quot;);\">\n\t\t\t<span class=\"elementor-divider-separator\">\n\t\t\t\t\t\t<\/span>\n\t\t<\/div>\n\t\t\t\t\t\t<\/div>\n\t\t\t\t<div class=\"elementor-element elementor-element-2219ed7 elementor-widget elementor-widget-heading\" data-id=\"2219ed7\" data-element_type=\"widget\" data-e-type=\"widget\" data-widget_type=\"heading.default\">\n\t\t\t\t\t<h3 class=\"elementor-heading-title elementor-size-default\">Herstellung von <font class=\"evidenza\">Endprodukten<\/font> aus Metall<\/h3>\t\t\t\t<\/div>\n\t\t<div class=\"elementor-element elementor-element-8d07a8e e-flex e-con-boxed e-con e-child\" data-id=\"8d07a8e\" data-element_type=\"container\" data-e-type=\"container\">\n\t\t\t\t\t<div class=\"e-con-inner\">\n\t\t\t\t<div class=\"elementor-element elementor-element-6208d86 elementor-widget elementor-widget-heading\" data-id=\"6208d86\" data-element_type=\"widget\" data-e-type=\"widget\" data-widget_type=\"heading.default\">\n\t\t\t\t\t<h6 class=\"elementor-heading-title elementor-size-default\">Schaltschr\u00e4nke<\/h6>\t\t\t\t<\/div>\n\t\t\t\t<div class=\"elementor-element elementor-element-4068395 elementor-widget elementor-widget-heading\" data-id=\"4068395\" data-element_type=\"widget\" data-e-type=\"widget\" data-widget_type=\"heading.default\">\n\t\t\t\t\t<h6 class=\"elementor-heading-title elementor-size-default\">Tische f\u00fcr elektronische Labore<\/h6>\t\t\t\t<\/div>\n\t\t\t\t<div class=\"elementor-element elementor-element-e3d9566 elementor-widget elementor-widget-heading\" data-id=\"e3d9566\" data-element_type=\"widget\" data-e-type=\"widget\" data-widget_type=\"heading.default\">\n\t\t\t\t\t<h6 class=\"elementor-heading-title elementor-size-default\">Spezielle Metallschr\u00e4nke und Karosserien<\/h6>\t\t\t\t<\/div>\n\t\t\t\t\t<\/div>\n\t\t\t\t<\/div>\n\t\t\t\t\t<\/div>\n\t\t\t\t<\/div>\n\t\t<div class=\"elementor-element elementor-element-10a092c e-con-full e-flex e-con e-parent\" data-id=\"10a092c\" data-element_type=\"container\" data-e-type=\"container\">\n\t\t\t\t<div class=\"elementor-element elementor-element-27fbefa elementor-widget elementor-widget-gallery\" data-id=\"27fbefa\" data-element_type=\"widget\" data-e-type=\"widget\" data-settings=\"{&quot;columns&quot;:6,&quot;gap&quot;:{&quot;unit&quot;:&quot;px&quot;,&quot;size&quot;:0,&quot;sizes&quot;:[]},&quot;aspect_ratio&quot;:&quot;1:1&quot;,&quot;columns_mobile&quot;:2,&quot;gap_mobile&quot;:{&quot;unit&quot;:&quot;px&quot;,&quot;size&quot;:0,&quot;sizes&quot;:[]},&quot;gallery_layout&quot;:&quot;grid&quot;,&quot;columns_tablet&quot;:2,&quot;gap_tablet&quot;:{&quot;unit&quot;:&quot;px&quot;,&quot;size&quot;:10,&quot;sizes&quot;:[]},&quot;link_to&quot;:&quot;file&quot;,&quot;overlay_background&quot;:&quot;yes&quot;,&quot;content_hover_animation&quot;:&quot;fade-in&quot;}\" data-widget_type=\"gallery.default\">\n\t\t\t\t\t\t\t<div class=\"elementor-gallery__container\">\n\t\t\t\t\t\t\t<a class=\"e-gallery-item elementor-gallery-item elementor-animated-content\" href=\"https:\/\/www.saetec.eu\/wp-content\/uploads\/2024\/04\/Saetec-Costruzione-prodotti-finiti-in-metallo-01.webp\" data-elementor-open-lightbox=\"yes\" data-elementor-lightbox-slideshow=\"27fbefa\" data-e-action-hash=\"#elementor-action%3Aaction%3Dlightbox%26settings%3DeyJpZCI6MTM4NiwidXJsIjoiaHR0cHM6XC9cL3d3dy5zYWV0ZWMuZXVcL3dwLWNvbnRlbnRcL3VwbG9hZHNcLzIwMjRcLzA0XC9TYWV0ZWMtQ29zdHJ1emlvbmUtcHJvZG90dGktZmluaXRpLWluLW1ldGFsbG8tMDEud2VicCIsInNsaWRlc2hvdyI6IjI3ZmJlZmEifQ%3D%3D\">\n\t\t\t\t\t<div class=\"e-gallery-image elementor-gallery-item__image\" data-thumbnail=\"https:\/\/www.saetec.eu\/wp-content\/uploads\/2024\/04\/Saetec-Costruzione-prodotti-finiti-in-metallo-01-768x768.webp\" data-width=\"768\" data-height=\"768\" aria-label=\"\" role=\"img\" ><\/div>\n\t\t\t\t\t\t\t\t\t\t\t<div class=\"elementor-gallery-item__overlay\"><\/div>\n\t\t\t\t\t\t\t\t\t\t\t\t\t\t<\/a>\n\t\t\t\t\t\t\t<a class=\"e-gallery-item elementor-gallery-item elementor-animated-content\" href=\"https:\/\/www.saetec.eu\/wp-content\/uploads\/2024\/04\/Saetec-Costruzione-prodotti-finiti-in-metallo-02.webp\" data-elementor-open-lightbox=\"yes\" data-elementor-lightbox-slideshow=\"27fbefa\" data-e-action-hash=\"#elementor-action%3Aaction%3Dlightbox%26settings%3DeyJpZCI6MTM4OCwidXJsIjoiaHR0cHM6XC9cL3d3dy5zYWV0ZWMuZXVcL3dwLWNvbnRlbnRcL3VwbG9hZHNcLzIwMjRcLzA0XC9TYWV0ZWMtQ29zdHJ1emlvbmUtcHJvZG90dGktZmluaXRpLWluLW1ldGFsbG8tMDIud2VicCIsInNsaWRlc2hvdyI6IjI3ZmJlZmEifQ%3D%3D\">\n\t\t\t\t\t<div class=\"e-gallery-image elementor-gallery-item__image\" data-thumbnail=\"https:\/\/www.saetec.eu\/wp-content\/uploads\/2024\/04\/Saetec-Costruzione-prodotti-finiti-in-metallo-02-768x768.webp\" data-width=\"768\" data-height=\"768\" aria-label=\"\" role=\"img\" ><\/div>\n\t\t\t\t\t\t\t\t\t\t\t<div class=\"elementor-gallery-item__overlay\"><\/div>\n\t\t\t\t\t\t\t\t\t\t\t\t\t\t<\/a>\n\t\t\t\t\t\t\t<a class=\"e-gallery-item elementor-gallery-item elementor-animated-content\" href=\"https:\/\/www.saetec.eu\/wp-content\/uploads\/2024\/04\/Saetec-Costruzione-prodotti-finiti-in-metallo-03.webp\" data-elementor-open-lightbox=\"yes\" data-elementor-lightbox-slideshow=\"27fbefa\" data-e-action-hash=\"#elementor-action%3Aaction%3Dlightbox%26settings%3DeyJpZCI6MTM5MCwidXJsIjoiaHR0cHM6XC9cL3d3dy5zYWV0ZWMuZXVcL3dwLWNvbnRlbnRcL3VwbG9hZHNcLzIwMjRcLzA0XC9TYWV0ZWMtQ29zdHJ1emlvbmUtcHJvZG90dGktZmluaXRpLWluLW1ldGFsbG8tMDMud2VicCIsInNsaWRlc2hvdyI6IjI3ZmJlZmEifQ%3D%3D\">\n\t\t\t\t\t<div class=\"e-gallery-image elementor-gallery-item__image\" data-thumbnail=\"https:\/\/www.saetec.eu\/wp-content\/uploads\/2024\/04\/Saetec-Costruzione-prodotti-finiti-in-metallo-03-768x768.webp\" data-width=\"768\" data-height=\"768\" aria-label=\"\" role=\"img\" ><\/div>\n\t\t\t\t\t\t\t\t\t\t\t<div class=\"elementor-gallery-item__overlay\"><\/div>\n\t\t\t\t\t\t\t\t\t\t\t\t\t\t<\/a>\n\t\t\t\t\t\t\t<a class=\"e-gallery-item elementor-gallery-item elementor-animated-content\" href=\"https:\/\/www.saetec.eu\/wp-content\/uploads\/2024\/04\/Saetec-Costruzione-prodotti-finiti-in-metallo-04.webp\" data-elementor-open-lightbox=\"yes\" data-elementor-lightbox-slideshow=\"27fbefa\" data-e-action-hash=\"#elementor-action%3Aaction%3Dlightbox%26settings%3DeyJpZCI6MTM5MiwidXJsIjoiaHR0cHM6XC9cL3d3dy5zYWV0ZWMuZXVcL3dwLWNvbnRlbnRcL3VwbG9hZHNcLzIwMjRcLzA0XC9TYWV0ZWMtQ29zdHJ1emlvbmUtcHJvZG90dGktZmluaXRpLWluLW1ldGFsbG8tMDQud2VicCIsInNsaWRlc2hvdyI6IjI3ZmJlZmEifQ%3D%3D\">\n\t\t\t\t\t<div class=\"e-gallery-image elementor-gallery-item__image\" data-thumbnail=\"https:\/\/www.saetec.eu\/wp-content\/uploads\/2024\/04\/Saetec-Costruzione-prodotti-finiti-in-metallo-04-768x768.webp\" data-width=\"768\" data-height=\"768\" aria-label=\"\" role=\"img\" ><\/div>\n\t\t\t\t\t\t\t\t\t\t\t<div class=\"elementor-gallery-item__overlay\"><\/div>\n\t\t\t\t\t\t\t\t\t\t\t\t\t\t<\/a>\n\t\t\t\t\t\t\t<a class=\"e-gallery-item elementor-gallery-item elementor-animated-content\" href=\"https:\/\/www.saetec.eu\/wp-content\/uploads\/2024\/04\/Saetec-Costruzione-prodotti-finiti-in-metallo-05.webp\" data-elementor-open-lightbox=\"yes\" data-elementor-lightbox-slideshow=\"27fbefa\" data-e-action-hash=\"#elementor-action%3Aaction%3Dlightbox%26settings%3DeyJpZCI6MTM5NywidXJsIjoiaHR0cHM6XC9cL3d3dy5zYWV0ZWMuZXVcL3dwLWNvbnRlbnRcL3VwbG9hZHNcLzIwMjRcLzA0XC9TYWV0ZWMtQ29zdHJ1emlvbmUtcHJvZG90dGktZmluaXRpLWluLW1ldGFsbG8tMDUud2VicCIsInNsaWRlc2hvdyI6IjI3ZmJlZmEifQ%3D%3D\">\n\t\t\t\t\t<div class=\"e-gallery-image elementor-gallery-item__image\" data-thumbnail=\"https:\/\/www.saetec.eu\/wp-content\/uploads\/2024\/04\/Saetec-Costruzione-prodotti-finiti-in-metallo-05-768x768.webp\" data-width=\"768\" data-height=\"768\" aria-label=\"\" role=\"img\" ><\/div>\n\t\t\t\t\t\t\t\t\t\t\t<div class=\"elementor-gallery-item__overlay\"><\/div>\n\t\t\t\t\t\t\t\t\t\t\t\t\t\t<\/a>\n\t\t\t\t\t\t\t<a class=\"e-gallery-item elementor-gallery-item elementor-animated-content\" href=\"https:\/\/www.saetec.eu\/wp-content\/uploads\/2024\/04\/Saetec-Costruzione-prodotti-finiti-in-metallo-06.webp\" data-elementor-open-lightbox=\"yes\" data-elementor-lightbox-slideshow=\"27fbefa\" data-e-action-hash=\"#elementor-action%3Aaction%3Dlightbox%26settings%3DeyJpZCI6MTQwMiwidXJsIjoiaHR0cHM6XC9cL3d3dy5zYWV0ZWMuZXVcL3dwLWNvbnRlbnRcL3VwbG9hZHNcLzIwMjRcLzA0XC9TYWV0ZWMtQ29zdHJ1emlvbmUtcHJvZG90dGktZmluaXRpLWluLW1ldGFsbG8tMDYud2VicCIsInNsaWRlc2hvdyI6IjI3ZmJlZmEifQ%3D%3D\">\n\t\t\t\t\t<div class=\"e-gallery-image elementor-gallery-item__image\" data-thumbnail=\"https:\/\/www.saetec.eu\/wp-content\/uploads\/2024\/04\/Saetec-Costruzione-prodotti-finiti-in-metallo-06-768x768.webp\" data-width=\"768\" data-height=\"768\" aria-label=\"\" role=\"img\" ><\/div>\n\t\t\t\t\t\t\t\t\t\t\t<div class=\"elementor-gallery-item__overlay\"><\/div>\n\t\t\t\t\t\t\t\t\t\t\t\t\t\t<\/a>\n\t\t\t\t\t<\/div>\n\t\t\t\t\t<\/div>\n\t\t\t\t<\/div>\n\t\t\t\t<\/div>\n\t\t","protected":false},"excerpt":{"rendered":"<p>Bearbeitung von Blech und Leichtmetallarbeiten Als Spezialist f\u00fcr Leichtmetallarbeiten hat Saetec ein breites Angebot an L\u00f6sungen f\u00fcr die Blechbearbeitung, die von der Herstellung einzelner Komponenten bis hin zur zu Endprodukten reichen. Dank der Verwendung von Spitzentechnologien und einem fundierten technischen Know-how sind wir in der Lage, Blech in Paneele, Gestelle, Halterungen, Profile und K\u00e4sten umzuwandeln [&hellip;]<\/p>\n","protected":false},"author":1,"featured_media":0,"parent":0,"menu_order":0,"comment_status":"closed","ping_status":"closed","template":"","meta":{"footnotes":""},"class_list":["post-1777","page","type-page","status-publish","hentry"],"_links":{"self":[{"href":"https:\/\/www.saetec.eu\/de\/wp-json\/wp\/v2\/pages\/1777","targetHints":{"allow":["GET"]}}],"collection":[{"href":"https:\/\/www.saetec.eu\/de\/wp-json\/wp\/v2\/pages"}],"about":[{"href":"https:\/\/www.saetec.eu\/de\/wp-json\/wp\/v2\/types\/page"}],"author":[{"embeddable":true,"href":"https:\/\/www.saetec.eu\/de\/wp-json\/wp\/v2\/users\/1"}],"replies":[{"embeddable":true,"href":"https:\/\/www.saetec.eu\/de\/wp-json\/wp\/v2\/comments?post=1777"}],"version-history":[{"count":2,"href":"https:\/\/www.saetec.eu\/de\/wp-json\/wp\/v2\/pages\/1777\/revisions"}],"predecessor-version":[{"id":1954,"href":"https:\/\/www.saetec.eu\/de\/wp-json\/wp\/v2\/pages\/1777\/revisions\/1954"}],"wp:attachment":[{"href":"https:\/\/www.saetec.eu\/de\/wp-json\/wp\/v2\/media?parent=1777"}],"curies":[{"name":"wp","href":"https:\/\/api.w.org\/{rel}","templated":true}]}}