{"id":1825,"date":"2024-02-08T09:04:58","date_gmt":"2024-02-08T08:04:58","guid":{"rendered":"https:\/\/www.saetec.eu\/sektoren\/"},"modified":"2024-06-20T09:11:22","modified_gmt":"2024-06-20T07:11:22","slug":"sektoren","status":"publish","type":"page","link":"https:\/\/www.saetec.eu\/de\/sektoren\/","title":{"rendered":"Sektoren"},"content":{"rendered":"\t\t<div data-elementor-type=\"wp-page\" data-elementor-id=\"1825\" class=\"elementor elementor-1825 elementor-194\" data-elementor-post-type=\"page\">\n\t\t\t\t<div class=\"elementor-element elementor-element-1af271b e-flex e-con-boxed e-con e-parent\" data-id=\"1af271b\" data-element_type=\"container\" data-e-type=\"container\" data-settings=\"{&quot;background_background&quot;:&quot;classic&quot;,&quot;shape_divider_bottom&quot;:&quot;triangle-asymmetrical&quot;,&quot;shape_divider_bottom_negative&quot;:&quot;yes&quot;}\">\n\t\t\t\t\t<div class=\"e-con-inner\">\n\t\t\t\t<div class=\"elementor-shape elementor-shape-bottom\" aria-hidden=\"true\" data-negative=\"true\">\n\t\t\t<svg xmlns=\"http:\/\/www.w3.org\/2000\/svg\" viewBox=\"0 0 1000 100\" preserveAspectRatio=\"none\">\n\t<path class=\"elementor-shape-fill\" d=\"M737.9,94.7L0,0v100h1000V0L737.9,94.7z\"\/>\n<\/svg>\t\t<\/div>\n\t\t\t\t<div class=\"elementor-element elementor-element-140c29e elementor-widget-divider--separator-type-pattern elementor-widget-divider--view-line elementor-widget elementor-widget-divider\" data-id=\"140c29e\" data-element_type=\"widget\" data-e-type=\"widget\" data-widget_type=\"divider.default\">\n\t\t\t\t\t\t\t<div class=\"elementor-divider\" style=\"--divider-pattern-url: url(&quot;data:image\/svg+xml,%3Csvg xmlns=&#039;http:\/\/www.w3.org\/2000\/svg&#039; preserveAspectRatio=&#039;none&#039; overflow=&#039;visible&#039; height=&#039;100%&#039; viewBox=&#039;0 0 24 24&#039; fill=&#039;black&#039; stroke=&#039;none&#039;%3E%3Cpolygon points=&#039;9.4,2 24,2 14.6,21.6 0,21.6&#039;\/%3E%3C\/svg%3E&quot;);\">\n\t\t\t<span class=\"elementor-divider-separator\">\n\t\t\t\t\t\t<\/span>\n\t\t<\/div>\n\t\t\t\t\t\t<\/div>\n\t\t\t\t\t<\/div>\n\t\t\t\t<\/div>\n\t\t<div class=\"elementor-element elementor-element-b91ff44 e-flex e-con-boxed e-con e-parent\" data-id=\"b91ff44\" data-element_type=\"container\" data-e-type=\"container\" id=\"macchineapparecchiature\">\n\t\t\t\t\t<div class=\"e-con-inner\">\n\t\t<div class=\"elementor-element elementor-element-411ea2f e-con-full e-flex e-con e-child\" data-id=\"411ea2f\" data-element_type=\"container\" data-e-type=\"container\">\n\t\t\t\t<div class=\"elementor-element elementor-element-3a6cf98 elementor-widget-divider--separator-type-pattern elementor-widget-divider--view-line elementor-widget elementor-widget-divider\" data-id=\"3a6cf98\" data-element_type=\"widget\" data-e-type=\"widget\" data-widget_type=\"divider.default\">\n\t\t\t\t\t\t\t<div class=\"elementor-divider\" style=\"--divider-pattern-url: url(&quot;data:image\/svg+xml,%3Csvg xmlns=&#039;http:\/\/www.w3.org\/2000\/svg&#039; preserveAspectRatio=&#039;none&#039; overflow=&#039;visible&#039; height=&#039;100%&#039; viewBox=&#039;0 0 24 24&#039; fill=&#039;black&#039; stroke=&#039;none&#039;%3E%3Cpolygon points=&#039;9.4,2 24,2 14.6,21.6 0,21.6&#039;\/%3E%3C\/svg%3E&quot;);\">\n\t\t\t<span class=\"elementor-divider-separator\">\n\t\t\t\t\t\t<\/span>\n\t\t<\/div>\n\t\t\t\t\t\t<\/div>\n\t\t\t\t<div class=\"elementor-element elementor-element-afd189a elementor-widget elementor-widget-heading\" data-id=\"afd189a\" data-element_type=\"widget\" data-e-type=\"widget\" data-widget_type=\"heading.default\">\n\t\t\t\t\t<h3 class=\"elementor-heading-title elementor-size-default\">Maschinen und Ger\u00e4te<\/h3>\t\t\t\t<\/div>\n\t\t\t\t<div class=\"elementor-element elementor-element-5940819 elementor-widget__width-inherit elementor-widget elementor-widget-text-editor\" data-id=\"5940819\" data-element_type=\"widget\" data-e-type=\"widget\" data-widget_type=\"text-editor.default\">\n\t\t\t\t\t\t\t\t\t<p>Saetec stellt Paneele, Abdeckungen, Geh\u00e4use und Metallstrukturen f\u00fcr die Verkleidung von Maschinen und Ger\u00e4ten f\u00fcr verschiedene Anwendungen her (Klimaanlagen, elektrische Schalttafeln, Lebensmittel, Automaten usw.). Au\u00dferdem bietet das Unternehmen sein Know-how an, um die \u00e4u\u00dfere Blechumh\u00fcllung des Produkts zu untersuchen, Prototypen herzustellen und diese zu industrialisieren.<\/p>\n\t\t\t\t\t\t\t\t<\/div>\n\t\t\t\t<\/div>\n\t\t\t\t<div class=\"elementor-element elementor-element-876dece elementor-widget__width-initial elementor-widget-mobile__width-inherit elementor-widget elementor-widget-image\" data-id=\"876dece\" data-element_type=\"widget\" data-e-type=\"widget\" data-widget_type=\"image.default\">\n\t\t\t\t\t\t\t\t\t\t\t\t\t\t\t<img fetchpriority=\"high\" decoding=\"async\" width=\"550\" height=\"550\" src=\"https:\/\/www.saetec.eu\/wp-content\/uploads\/2024\/06\/Saetec-Settori-Macchine-e-apparecchiature.webp\" class=\"attachment-large size-large wp-image-1837\" alt=\"Saetec -\" srcset=\"https:\/\/www.saetec.eu\/wp-content\/uploads\/2024\/06\/Saetec-Settori-Macchine-e-apparecchiature.webp 550w, https:\/\/www.saetec.eu\/wp-content\/uploads\/2024\/06\/Saetec-Settori-Macchine-e-apparecchiature-300x300.webp 300w, https:\/\/www.saetec.eu\/wp-content\/uploads\/2024\/06\/Saetec-Settori-Macchine-e-apparecchiature-150x150.webp 150w\" sizes=\"(max-width: 550px) 100vw, 550px\" title=\"Saetec -\">\t\t\t\t\t\t\t\t\t\t\t\t\t\t\t<\/div>\n\t\t\t\t\t<\/div>\n\t\t\t\t<\/div>\n\t\t<div class=\"elementor-element elementor-element-5d6699d e-flex e-con-boxed e-con e-parent\" data-id=\"5d6699d\" data-element_type=\"container\" data-e-type=\"container\" id=\"impiantisticaelettrica\" data-settings=\"{&quot;background_background&quot;:&quot;classic&quot;}\">\n\t\t\t\t\t<div class=\"e-con-inner\">\n\t\t\t\t<div class=\"elementor-element elementor-element-04213e8 elementor-widget__width-initial elementor-widget-mobile__width-inherit elementor-widget elementor-widget-image\" data-id=\"04213e8\" data-element_type=\"widget\" data-e-type=\"widget\" data-widget_type=\"image.default\">\n\t\t\t\t\t\t\t\t\t\t\t\t\t\t\t<img decoding=\"async\" width=\"550\" height=\"550\" src=\"https:\/\/www.saetec.eu\/wp-content\/uploads\/2024\/06\/Saetec-Settori-impiantistica-elettrica.webp\" class=\"attachment-large size-large wp-image-1836\" alt=\"Saetec -\" srcset=\"https:\/\/www.saetec.eu\/wp-content\/uploads\/2024\/06\/Saetec-Settori-impiantistica-elettrica.webp 550w, https:\/\/www.saetec.eu\/wp-content\/uploads\/2024\/06\/Saetec-Settori-impiantistica-elettrica-300x300.webp 300w, https:\/\/www.saetec.eu\/wp-content\/uploads\/2024\/06\/Saetec-Settori-impiantistica-elettrica-150x150.webp 150w\" sizes=\"(max-width: 550px) 100vw, 550px\" title=\"Saetec -\">\t\t\t\t\t\t\t\t\t\t\t\t\t\t\t<\/div>\n\t\t<div class=\"elementor-element elementor-element-5de3600 e-con-full e-flex e-con e-child\" data-id=\"5de3600\" data-element_type=\"container\" data-e-type=\"container\">\n\t\t\t\t<div class=\"elementor-element elementor-element-2c4a4ee elementor-widget-divider--separator-type-pattern elementor-widget-divider--view-line elementor-widget elementor-widget-divider\" data-id=\"2c4a4ee\" data-element_type=\"widget\" data-e-type=\"widget\" data-widget_type=\"divider.default\">\n\t\t\t\t\t\t\t<div class=\"elementor-divider\" style=\"--divider-pattern-url: url(&quot;data:image\/svg+xml,%3Csvg xmlns=&#039;http:\/\/www.w3.org\/2000\/svg&#039; preserveAspectRatio=&#039;none&#039; overflow=&#039;visible&#039; height=&#039;100%&#039; viewBox=&#039;0 0 24 24&#039; fill=&#039;black&#039; stroke=&#039;none&#039;%3E%3Cpolygon points=&#039;9.4,2 24,2 14.6,21.6 0,21.6&#039;\/%3E%3C\/svg%3E&quot;);\">\n\t\t\t<span class=\"elementor-divider-separator\">\n\t\t\t\t\t\t<\/span>\n\t\t<\/div>\n\t\t\t\t\t\t<\/div>\n\t\t\t\t<div class=\"elementor-element elementor-element-8dedc7f elementor-widget elementor-widget-heading\" data-id=\"8dedc7f\" data-element_type=\"widget\" data-e-type=\"widget\" data-widget_type=\"heading.default\">\n\t\t\t\t\t<h3 class=\"elementor-heading-title elementor-size-default\">Elektrischer Anlagenbau<\/h3>\t\t\t\t<\/div>\n\t\t\t\t<div class=\"elementor-element elementor-element-e09df48 elementor-widget__width-inherit elementor-widget elementor-widget-text-editor\" data-id=\"e09df48\" data-element_type=\"widget\" data-e-type=\"widget\" data-widget_type=\"text-editor.default\">\n\t\t\t\t\t\t\t\t\t<p>Saetec stellt Befestigungselemente f\u00fcr elektrische Verteilungsleitungen und Verteiler BT f\u00fcr Stromstationen her.<\/p>\n<p>Ferner hat Saetec im Laufe der Zeit verschiedene Arten von ma\u00dfgefertigten Schr\u00e4nken und Geh\u00e4usen f\u00fcr Schalttafeln, Rack-Schr\u00e4nke und spezielle Geh\u00e4use nach speziellen Kundenw\u00fcnschen angefertigt.<\/p>\n\t\t\t\t\t\t\t\t<\/div>\n\t\t\t\t<\/div>\n\t\t\t\t\t<\/div>\n\t\t\t\t<\/div>\n\t\t<div class=\"elementor-element elementor-element-b20c27c e-flex e-con-boxed e-con e-parent\" data-id=\"b20c27c\" data-element_type=\"container\" data-e-type=\"container\" id=\"arredoesterno\">\n\t\t\t\t\t<div class=\"e-con-inner\">\n\t\t<div class=\"elementor-element elementor-element-07cd02b e-con-full e-flex e-con e-child\" data-id=\"07cd02b\" data-element_type=\"container\" data-e-type=\"container\">\n\t\t\t\t<div class=\"elementor-element elementor-element-d2a891b elementor-widget-divider--separator-type-pattern elementor-widget-divider--view-line elementor-widget elementor-widget-divider\" data-id=\"d2a891b\" data-element_type=\"widget\" data-e-type=\"widget\" data-widget_type=\"divider.default\">\n\t\t\t\t\t\t\t<div class=\"elementor-divider\" style=\"--divider-pattern-url: url(&quot;data:image\/svg+xml,%3Csvg xmlns=&#039;http:\/\/www.w3.org\/2000\/svg&#039; preserveAspectRatio=&#039;none&#039; overflow=&#039;visible&#039; height=&#039;100%&#039; viewBox=&#039;0 0 24 24&#039; fill=&#039;black&#039; stroke=&#039;none&#039;%3E%3Cpolygon points=&#039;9.4,2 24,2 14.6,21.6 0,21.6&#039;\/%3E%3C\/svg%3E&quot;);\">\n\t\t\t<span class=\"elementor-divider-separator\">\n\t\t\t\t\t\t<\/span>\n\t\t<\/div>\n\t\t\t\t\t\t<\/div>\n\t\t\t\t<div class=\"elementor-element elementor-element-c2e5e11 elementor-widget elementor-widget-heading\" data-id=\"c2e5e11\" data-element_type=\"widget\" data-e-type=\"widget\" data-widget_type=\"heading.default\">\n\t\t\t\t\t<h3 class=\"elementor-heading-title elementor-size-default\">Au\u00dfeneinrichtung und Architektur<\/h3>\t\t\t\t<\/div>\n\t\t\t\t<div class=\"elementor-element elementor-element-d4dd6f5 elementor-widget__width-inherit elementor-widget elementor-widget-text-editor\" data-id=\"d4dd6f5\" data-element_type=\"widget\" data-e-type=\"widget\" data-widget_type=\"text-editor.default\">\n\t\t\t\t\t\t\t\t\t<p>Saetec entwirft M\u00f6bel f\u00fcr Au\u00dfenbereiche und stellt seine Metallverarbeitungstechnologie zur Verf\u00fcgung, um strukturelles und der Dekoration dienendes Zubeh\u00f6r und Komponenten f\u00fcr architektonische Anwendungen herzustellen.<\/p>\n\t\t\t\t\t\t\t\t<\/div>\n\t\t\t\t<\/div>\n\t\t\t\t<div class=\"elementor-element elementor-element-9e04d3f elementor-widget__width-initial elementor-widget-mobile__width-inherit elementor-widget elementor-widget-image\" data-id=\"9e04d3f\" data-element_type=\"widget\" data-e-type=\"widget\" data-widget_type=\"image.default\">\n\t\t\t\t\t\t\t\t\t\t\t\t\t\t\t<img decoding=\"async\" width=\"550\" height=\"550\" src=\"https:\/\/www.saetec.eu\/wp-content\/uploads\/2024\/06\/Saetec-settori-arredo-esterno-architettura.webp\" class=\"attachment-large size-large wp-image-1838\" alt=\"Saetec -\" srcset=\"https:\/\/www.saetec.eu\/wp-content\/uploads\/2024\/06\/Saetec-settori-arredo-esterno-architettura.webp 550w, https:\/\/www.saetec.eu\/wp-content\/uploads\/2024\/06\/Saetec-settori-arredo-esterno-architettura-300x300.webp 300w, https:\/\/www.saetec.eu\/wp-content\/uploads\/2024\/06\/Saetec-settori-arredo-esterno-architettura-150x150.webp 150w\" sizes=\"(max-width: 550px) 100vw, 550px\" title=\"Saetec -\">\t\t\t\t\t\t\t\t\t\t\t\t\t\t\t<\/div>\n\t\t\t\t\t<\/div>\n\t\t\t\t<\/div>\n\t\t<div class=\"elementor-element elementor-element-c10b7e0 e-flex e-con-boxed e-con e-parent\" data-id=\"c10b7e0\" data-element_type=\"container\" data-e-type=\"container\" id=\"espositori\" data-settings=\"{&quot;background_background&quot;:&quot;classic&quot;}\">\n\t\t\t\t\t<div class=\"e-con-inner\">\n\t\t\t\t<div class=\"elementor-element elementor-element-626d5b1 elementor-widget__width-initial elementor-widget-mobile__width-inherit elementor-widget elementor-widget-image\" data-id=\"626d5b1\" data-element_type=\"widget\" data-e-type=\"widget\" data-widget_type=\"image.default\">\n\t\t\t\t\t\t\t\t\t\t\t\t\t\t\t<img loading=\"lazy\" decoding=\"async\" width=\"550\" height=\"550\" src=\"https:\/\/www.saetec.eu\/wp-content\/uploads\/2024\/06\/Saetec-Settori-Espositori-Visual.webp\" class=\"attachment-large size-large wp-image-1840\" alt=\"Saetec -\" srcset=\"https:\/\/www.saetec.eu\/wp-content\/uploads\/2024\/06\/Saetec-Settori-Espositori-Visual.webp 550w, https:\/\/www.saetec.eu\/wp-content\/uploads\/2024\/06\/Saetec-Settori-Espositori-Visual-300x300.webp 300w, https:\/\/www.saetec.eu\/wp-content\/uploads\/2024\/06\/Saetec-Settori-Espositori-Visual-150x150.webp 150w\" sizes=\"(max-width: 550px) 100vw, 550px\" title=\"Saetec -\">\t\t\t\t\t\t\t\t\t\t\t\t\t\t\t<\/div>\n\t\t<div class=\"elementor-element elementor-element-b343ccf e-con-full e-flex e-con e-child\" data-id=\"b343ccf\" data-element_type=\"container\" data-e-type=\"container\">\n\t\t\t\t<div class=\"elementor-element elementor-element-cda3837 elementor-widget-divider--separator-type-pattern elementor-widget-divider--view-line elementor-widget elementor-widget-divider\" data-id=\"cda3837\" data-element_type=\"widget\" data-e-type=\"widget\" data-widget_type=\"divider.default\">\n\t\t\t\t\t\t\t<div class=\"elementor-divider\" style=\"--divider-pattern-url: url(&quot;data:image\/svg+xml,%3Csvg xmlns=&#039;http:\/\/www.w3.org\/2000\/svg&#039; preserveAspectRatio=&#039;none&#039; overflow=&#039;visible&#039; height=&#039;100%&#039; viewBox=&#039;0 0 24 24&#039; fill=&#039;black&#039; stroke=&#039;none&#039;%3E%3Cpolygon points=&#039;9.4,2 24,2 14.6,21.6 0,21.6&#039;\/%3E%3C\/svg%3E&quot;);\">\n\t\t\t<span class=\"elementor-divider-separator\">\n\t\t\t\t\t\t<\/span>\n\t\t<\/div>\n\t\t\t\t\t\t<\/div>\n\t\t\t\t<div class=\"elementor-element elementor-element-9518a9d elementor-widget elementor-widget-heading\" data-id=\"9518a9d\" data-element_type=\"widget\" data-e-type=\"widget\" data-widget_type=\"heading.default\">\n\t\t\t\t\t<h3 class=\"elementor-heading-title elementor-size-default\">Bodenaufsteller und Tischaufsteller, \u201evisuelle\u201c Strukturen<\/h3>\t\t\t\t<\/div>\n\t\t\t\t<div class=\"elementor-element elementor-element-7ee0364 elementor-widget__width-inherit elementor-widget elementor-widget-text-editor\" data-id=\"7ee0364\" data-element_type=\"widget\" data-e-type=\"widget\" data-widget_type=\"text-editor.default\">\n\t\t\t\t\t\t\t\t\t<p>Saetec arbeitet mit Unternehmen aus den Bereichen Werbung und Einrichtung von Verkaufsr\u00e4umen zusammen. Zu diesem Zweck fertigt es die Metallbauteile und bietet diese &#8211; vom Rohteil bis zum verpackten Endprodukt &#8211; an.<\/p>\n\t\t\t\t\t\t\t\t<\/div>\n\t\t\t\t<\/div>\n\t\t\t\t\t<\/div>\n\t\t\t\t<\/div>\n\t\t<div class=\"elementor-element elementor-element-9e014f0 e-flex e-con-boxed e-con e-parent\" data-id=\"9e014f0\" data-element_type=\"container\" data-e-type=\"container\" id=\"logistica\" data-settings=\"{&quot;background_background&quot;:&quot;classic&quot;}\">\n\t\t\t\t\t<div class=\"e-con-inner\">\n\t\t<div class=\"elementor-element elementor-element-189271c e-con-full e-flex e-con e-child\" data-id=\"189271c\" data-element_type=\"container\" data-e-type=\"container\">\n\t\t\t\t<div class=\"elementor-element elementor-element-9cf7b9c elementor-widget-divider--separator-type-pattern elementor-widget-divider--view-line elementor-widget elementor-widget-divider\" data-id=\"9cf7b9c\" data-element_type=\"widget\" data-e-type=\"widget\" data-widget_type=\"divider.default\">\n\t\t\t\t\t\t\t<div class=\"elementor-divider\" style=\"--divider-pattern-url: url(&quot;data:image\/svg+xml,%3Csvg xmlns=&#039;http:\/\/www.w3.org\/2000\/svg&#039; preserveAspectRatio=&#039;none&#039; overflow=&#039;visible&#039; height=&#039;100%&#039; viewBox=&#039;0 0 24 24&#039; fill=&#039;black&#039; stroke=&#039;none&#039;%3E%3Cpolygon points=&#039;9.4,2 24,2 14.6,21.6 0,21.6&#039;\/%3E%3C\/svg%3E&quot;);\">\n\t\t\t<span class=\"elementor-divider-separator\">\n\t\t\t\t\t\t<\/span>\n\t\t<\/div>\n\t\t\t\t\t\t<\/div>\n\t\t\t\t<div class=\"elementor-element elementor-element-d8df8cb elementor-widget elementor-widget-heading\" data-id=\"d8df8cb\" data-element_type=\"widget\" data-e-type=\"widget\" data-widget_type=\"heading.default\">\n\t\t\t\t\t<h3 class=\"elementor-heading-title elementor-size-default\">Logistik<\/h3>\t\t\t\t<\/div>\n\t\t\t\t<div class=\"elementor-element elementor-element-1d155cb elementor-widget__width-inherit elementor-widget elementor-widget-text-editor\" data-id=\"1d155cb\" data-element_type=\"widget\" data-e-type=\"widget\" data-widget_type=\"text-editor.default\">\n\t\t\t\t\t\t\t\t\t<p>Zu den Produkten von Saetec geh\u00f6ren Lagertische, Wagen, Container und personalisierbare modulare Metallstrukturen, die alle aus hochwertigen Materialien hergestellt werden, um eine lange Lebensdauer und zuverl\u00e4ssige Qualit\u00e4t zu gew\u00e4hrleisten.<\/p>\n<p>Saetec hat au\u00dferdem eine Reihe von speziellen Postk\u00e4sten f\u00fcr Au\u00dfenbereiche von Unternehmen und Dienstleistern entwickelt, die geeignet sind, um auf praktische und sichere Weise sperrige Post, Pakete und P\u00e4ckchen zu empfangen, die jederzeit von Lieferanten oder Spediteuren zugestellt werden k\u00f6nnen.<\/p>\n\t\t\t\t\t\t\t\t<\/div>\n\t\t\t\t<\/div>\n\t\t\t\t<div class=\"elementor-element elementor-element-63989c7 elementor-widget__width-initial elementor-widget-mobile__width-inherit elementor-widget elementor-widget-image\" data-id=\"63989c7\" data-element_type=\"widget\" data-e-type=\"widget\" data-widget_type=\"image.default\">\n\t\t\t\t\t\t\t\t\t\t\t\t\t\t\t<img loading=\"lazy\" decoding=\"async\" width=\"550\" height=\"550\" src=\"https:\/\/www.saetec.eu\/wp-content\/uploads\/2024\/06\/Saetec-settori-logistica.webp\" class=\"attachment-large size-large wp-image-1841\" alt=\"Saetec -\" srcset=\"https:\/\/www.saetec.eu\/wp-content\/uploads\/2024\/06\/Saetec-settori-logistica.webp 550w, https:\/\/www.saetec.eu\/wp-content\/uploads\/2024\/06\/Saetec-settori-logistica-300x300.webp 300w, https:\/\/www.saetec.eu\/wp-content\/uploads\/2024\/06\/Saetec-settori-logistica-150x150.webp 150w\" sizes=\"(max-width: 550px) 100vw, 550px\" title=\"Saetec -\">\t\t\t\t\t\t\t\t\t\t\t\t\t\t\t<\/div>\n\t\t\t\t\t<\/div>\n\t\t\t\t<\/div>\n\t\t<div class=\"elementor-element elementor-element-b88d662 e-flex e-con-boxed e-con e-parent\" data-id=\"b88d662\" data-element_type=\"container\" data-e-type=\"container\" id=\"arredoindustriale\">\n\t\t\t\t\t<div class=\"e-con-inner\">\n\t\t\t\t<div class=\"elementor-element elementor-element-9865543 elementor-widget__width-initial elementor-widget-mobile__width-inherit elementor-widget elementor-widget-image\" data-id=\"9865543\" data-element_type=\"widget\" data-e-type=\"widget\" data-widget_type=\"image.default\">\n\t\t\t\t\t\t\t\t\t\t\t\t\t\t\t<img loading=\"lazy\" decoding=\"async\" width=\"550\" height=\"550\" src=\"https:\/\/www.saetec.eu\/wp-content\/uploads\/2024\/06\/Saetec-Settori-arredo-industriale.webp\" class=\"attachment-large size-large wp-image-1839\" alt=\"Saetec -\" srcset=\"https:\/\/www.saetec.eu\/wp-content\/uploads\/2024\/06\/Saetec-Settori-arredo-industriale.webp 550w, https:\/\/www.saetec.eu\/wp-content\/uploads\/2024\/06\/Saetec-Settori-arredo-industriale-300x300.webp 300w, https:\/\/www.saetec.eu\/wp-content\/uploads\/2024\/06\/Saetec-Settori-arredo-industriale-150x150.webp 150w\" sizes=\"(max-width: 550px) 100vw, 550px\" title=\"Saetec -\">\t\t\t\t\t\t\t\t\t\t\t\t\t\t\t<\/div>\n\t\t<div class=\"elementor-element elementor-element-2983b2f e-con-full e-flex e-con e-child\" data-id=\"2983b2f\" data-element_type=\"container\" data-e-type=\"container\">\n\t\t\t\t<div class=\"elementor-element elementor-element-fe297ed elementor-widget-divider--separator-type-pattern elementor-widget-divider--view-line elementor-widget elementor-widget-divider\" data-id=\"fe297ed\" data-element_type=\"widget\" data-e-type=\"widget\" data-widget_type=\"divider.default\">\n\t\t\t\t\t\t\t<div class=\"elementor-divider\" style=\"--divider-pattern-url: url(&quot;data:image\/svg+xml,%3Csvg xmlns=&#039;http:\/\/www.w3.org\/2000\/svg&#039; preserveAspectRatio=&#039;none&#039; overflow=&#039;visible&#039; height=&#039;100%&#039; viewBox=&#039;0 0 24 24&#039; fill=&#039;black&#039; stroke=&#039;none&#039;%3E%3Cpolygon points=&#039;9.4,2 24,2 14.6,21.6 0,21.6&#039;\/%3E%3C\/svg%3E&quot;);\">\n\t\t\t<span class=\"elementor-divider-separator\">\n\t\t\t\t\t\t<\/span>\n\t\t<\/div>\n\t\t\t\t\t\t<\/div>\n\t\t\t\t<div class=\"elementor-element elementor-element-2ff4dbf elementor-widget elementor-widget-heading\" data-id=\"2ff4dbf\" data-element_type=\"widget\" data-e-type=\"widget\" data-widget_type=\"heading.default\">\n\t\t\t\t\t<h3 class=\"elementor-heading-title elementor-size-default\">Betriebseinrichtung<\/h3>\t\t\t\t<\/div>\n\t\t\t\t<div class=\"elementor-element elementor-element-a9b3faf elementor-widget__width-inherit elementor-widget elementor-widget-text-editor\" data-id=\"a9b3faf\" data-element_type=\"widget\" data-e-type=\"widget\" data-widget_type=\"text-editor.default\">\n\t\t\t\t\t\t\t\t\t<p>Saetec stellt Metallkomponenten f\u00fcr die Einrichtung von Arbeitsbereichen f\u00fcr Labore im Bereich der Elektronik her, insbesondere Tische mit Zubeh\u00f6r und elektrischen Ger\u00e4ten, spezielle Schr\u00e4nke und Wagen, die anhand von spezifischen Kundenbed\u00fcrfnissen entworfen werden.<\/p>\n\t\t\t\t\t\t\t\t<\/div>\n\t\t\t\t<\/div>\n\t\t\t\t\t<\/div>\n\t\t\t\t<\/div>\n\t\t\t\t<\/div>\n\t\t","protected":false},"excerpt":{"rendered":"<p>Maschinen und Ger\u00e4te Saetec stellt Paneele, Abdeckungen, Geh\u00e4use und Metallstrukturen f\u00fcr die Verkleidung von Maschinen und Ger\u00e4ten f\u00fcr verschiedene Anwendungen her (Klimaanlagen, elektrische Schalttafeln, Lebensmittel, Automaten usw.). Au\u00dferdem bietet das Unternehmen sein Know-how an, um die \u00e4u\u00dfere Blechumh\u00fcllung des Produkts zu untersuchen, Prototypen herzustellen und diese zu industrialisieren. Elektrischer Anlagenbau Saetec stellt Befestigungselemente f\u00fcr elektrische [&hellip;]<\/p>\n","protected":false},"author":1,"featured_media":0,"parent":0,"menu_order":0,"comment_status":"closed","ping_status":"closed","template":"","meta":{"footnotes":""},"class_list":["post-1825","page","type-page","status-publish","hentry"],"_links":{"self":[{"href":"https:\/\/www.saetec.eu\/de\/wp-json\/wp\/v2\/pages\/1825","targetHints":{"allow":["GET"]}}],"collection":[{"href":"https:\/\/www.saetec.eu\/de\/wp-json\/wp\/v2\/pages"}],"about":[{"href":"https:\/\/www.saetec.eu\/de\/wp-json\/wp\/v2\/types\/page"}],"author":[{"embeddable":true,"href":"https:\/\/www.saetec.eu\/de\/wp-json\/wp\/v2\/users\/1"}],"replies":[{"embeddable":true,"href":"https:\/\/www.saetec.eu\/de\/wp-json\/wp\/v2\/comments?post=1825"}],"version-history":[{"count":2,"href":"https:\/\/www.saetec.eu\/de\/wp-json\/wp\/v2\/pages\/1825\/revisions"}],"predecessor-version":[{"id":1951,"href":"https:\/\/www.saetec.eu\/de\/wp-json\/wp\/v2\/pages\/1825\/revisions\/1951"}],"wp:attachment":[{"href":"https:\/\/www.saetec.eu\/de\/wp-json\/wp\/v2\/media?parent=1825"}],"curies":[{"name":"wp","href":"https:\/\/api.w.org\/{rel}","templated":true}]}}