{"id":1807,"date":"2024-02-08T09:04:58","date_gmt":"2024-02-08T08:04:58","guid":{"rendered":"https:\/\/www.saetec.eu\/secteurs\/"},"modified":"2024-06-20T09:11:22","modified_gmt":"2024-06-20T07:11:22","slug":"secteurs","status":"publish","type":"page","link":"https:\/\/www.saetec.eu\/fr\/secteurs\/","title":{"rendered":"Secteurs"},"content":{"rendered":"\t\t<div data-elementor-type=\"wp-page\" data-elementor-id=\"1807\" class=\"elementor elementor-1807 elementor-194\" data-elementor-post-type=\"page\">\n\t\t\t\t<div class=\"elementor-element elementor-element-1af271b e-flex e-con-boxed e-con e-parent\" data-id=\"1af271b\" data-element_type=\"container\" data-e-type=\"container\" data-settings=\"{&quot;background_background&quot;:&quot;classic&quot;,&quot;shape_divider_bottom&quot;:&quot;triangle-asymmetrical&quot;,&quot;shape_divider_bottom_negative&quot;:&quot;yes&quot;}\">\n\t\t\t\t\t<div class=\"e-con-inner\">\n\t\t\t\t<div class=\"elementor-shape elementor-shape-bottom\" aria-hidden=\"true\" data-negative=\"true\">\n\t\t\t<svg xmlns=\"http:\/\/www.w3.org\/2000\/svg\" viewBox=\"0 0 1000 100\" preserveAspectRatio=\"none\">\n\t<path class=\"elementor-shape-fill\" d=\"M737.9,94.7L0,0v100h1000V0L737.9,94.7z\"\/>\n<\/svg>\t\t<\/div>\n\t\t\t\t<div class=\"elementor-element elementor-element-140c29e elementor-widget-divider--separator-type-pattern elementor-widget-divider--view-line elementor-widget elementor-widget-divider\" data-id=\"140c29e\" data-element_type=\"widget\" data-e-type=\"widget\" data-widget_type=\"divider.default\">\n\t\t\t\t\t\t\t<div class=\"elementor-divider\" style=\"--divider-pattern-url: url(&quot;data:image\/svg+xml,%3Csvg xmlns=&#039;http:\/\/www.w3.org\/2000\/svg&#039; preserveAspectRatio=&#039;none&#039; overflow=&#039;visible&#039; height=&#039;100%&#039; viewBox=&#039;0 0 24 24&#039; fill=&#039;black&#039; stroke=&#039;none&#039;%3E%3Cpolygon points=&#039;9.4,2 24,2 14.6,21.6 0,21.6&#039;\/%3E%3C\/svg%3E&quot;);\">\n\t\t\t<span class=\"elementor-divider-separator\">\n\t\t\t\t\t\t<\/span>\n\t\t<\/div>\n\t\t\t\t\t\t<\/div>\n\t\t\t\t\t<\/div>\n\t\t\t\t<\/div>\n\t\t<div class=\"elementor-element elementor-element-b91ff44 e-flex e-con-boxed e-con e-parent\" data-id=\"b91ff44\" data-element_type=\"container\" data-e-type=\"container\" id=\"macchineapparecchiature\">\n\t\t\t\t\t<div class=\"e-con-inner\">\n\t\t<div class=\"elementor-element elementor-element-411ea2f e-con-full e-flex e-con e-child\" data-id=\"411ea2f\" data-element_type=\"container\" data-e-type=\"container\">\n\t\t\t\t<div class=\"elementor-element elementor-element-3a6cf98 elementor-widget-divider--separator-type-pattern elementor-widget-divider--view-line elementor-widget elementor-widget-divider\" data-id=\"3a6cf98\" data-element_type=\"widget\" data-e-type=\"widget\" data-widget_type=\"divider.default\">\n\t\t\t\t\t\t\t<div class=\"elementor-divider\" style=\"--divider-pattern-url: url(&quot;data:image\/svg+xml,%3Csvg xmlns=&#039;http:\/\/www.w3.org\/2000\/svg&#039; preserveAspectRatio=&#039;none&#039; overflow=&#039;visible&#039; height=&#039;100%&#039; viewBox=&#039;0 0 24 24&#039; fill=&#039;black&#039; stroke=&#039;none&#039;%3E%3Cpolygon points=&#039;9.4,2 24,2 14.6,21.6 0,21.6&#039;\/%3E%3C\/svg%3E&quot;);\">\n\t\t\t<span class=\"elementor-divider-separator\">\n\t\t\t\t\t\t<\/span>\n\t\t<\/div>\n\t\t\t\t\t\t<\/div>\n\t\t\t\t<div class=\"elementor-element elementor-element-afd189a elementor-widget elementor-widget-heading\" data-id=\"afd189a\" data-element_type=\"widget\" data-e-type=\"widget\" data-widget_type=\"heading.default\">\n\t\t\t\t\t<h3 class=\"elementor-heading-title elementor-size-default\">Machines et \u00e9quipements<\/h3>\t\t\t\t<\/div>\n\t\t\t\t<div class=\"elementor-element elementor-element-5940819 elementor-widget__width-inherit elementor-widget elementor-widget-text-editor\" data-id=\"5940819\" data-element_type=\"widget\" data-e-type=\"widget\" data-widget_type=\"text-editor.default\">\n\t\t\t\t\t\t\t\t\t<p>Saetec r\u00e9alise des panneaux, des couvertures, des coques et des structures m\u00e9talliques pour le rev\u00eatement de machines et d\u2019\u00e9quipements destin\u00e9s \u00e0 diverses utilisations (climatisation, tableaux \u00e9lectriques, alimentation, distributeurs automatiques, etc.) offrant son exp\u00e9rience pour \u00e9tudier, r\u00e9aliser des prototypes et industrialiser le rev\u00eatement ext\u00e9rieur en t\u00f4le du produit.<\/p>\n\t\t\t\t\t\t\t\t<\/div>\n\t\t\t\t<\/div>\n\t\t\t\t<div class=\"elementor-element elementor-element-876dece elementor-widget__width-initial elementor-widget-mobile__width-inherit elementor-widget elementor-widget-image\" data-id=\"876dece\" data-element_type=\"widget\" data-e-type=\"widget\" data-widget_type=\"image.default\">\n\t\t\t\t\t\t\t\t\t\t\t\t\t\t\t<img fetchpriority=\"high\" decoding=\"async\" width=\"550\" height=\"550\" src=\"https:\/\/www.saetec.eu\/wp-content\/uploads\/2024\/06\/Saetec-Settori-Macchine-e-apparecchiature.webp\" class=\"attachment-large size-large wp-image-1819\" alt=\"Saetec -\" srcset=\"https:\/\/www.saetec.eu\/wp-content\/uploads\/2024\/06\/Saetec-Settori-Macchine-e-apparecchiature.webp 550w, https:\/\/www.saetec.eu\/wp-content\/uploads\/2024\/06\/Saetec-Settori-Macchine-e-apparecchiature-300x300.webp 300w, https:\/\/www.saetec.eu\/wp-content\/uploads\/2024\/06\/Saetec-Settori-Macchine-e-apparecchiature-150x150.webp 150w\" sizes=\"(max-width: 550px) 100vw, 550px\" title=\"Saetec -\">\t\t\t\t\t\t\t\t\t\t\t\t\t\t\t<\/div>\n\t\t\t\t\t<\/div>\n\t\t\t\t<\/div>\n\t\t<div class=\"elementor-element elementor-element-5d6699d e-flex e-con-boxed e-con e-parent\" data-id=\"5d6699d\" data-element_type=\"container\" data-e-type=\"container\" id=\"impiantisticaelettrica\" data-settings=\"{&quot;background_background&quot;:&quot;classic&quot;}\">\n\t\t\t\t\t<div class=\"e-con-inner\">\n\t\t\t\t<div class=\"elementor-element elementor-element-04213e8 elementor-widget__width-initial elementor-widget-mobile__width-inherit elementor-widget elementor-widget-image\" data-id=\"04213e8\" data-element_type=\"widget\" data-e-type=\"widget\" data-widget_type=\"image.default\">\n\t\t\t\t\t\t\t\t\t\t\t\t\t\t\t<img decoding=\"async\" width=\"550\" height=\"550\" src=\"https:\/\/www.saetec.eu\/wp-content\/uploads\/2024\/06\/Saetec-Settori-impiantistica-elettrica.webp\" class=\"attachment-large size-large wp-image-1818\" alt=\"Saetec -\" srcset=\"https:\/\/www.saetec.eu\/wp-content\/uploads\/2024\/06\/Saetec-Settori-impiantistica-elettrica.webp 550w, https:\/\/www.saetec.eu\/wp-content\/uploads\/2024\/06\/Saetec-Settori-impiantistica-elettrica-300x300.webp 300w, https:\/\/www.saetec.eu\/wp-content\/uploads\/2024\/06\/Saetec-Settori-impiantistica-elettrica-150x150.webp 150w\" sizes=\"(max-width: 550px) 100vw, 550px\" title=\"Saetec -\">\t\t\t\t\t\t\t\t\t\t\t\t\t\t\t<\/div>\n\t\t<div class=\"elementor-element elementor-element-5de3600 e-con-full e-flex e-con e-child\" data-id=\"5de3600\" data-element_type=\"container\" data-e-type=\"container\">\n\t\t\t\t<div class=\"elementor-element elementor-element-2c4a4ee elementor-widget-divider--separator-type-pattern elementor-widget-divider--view-line elementor-widget elementor-widget-divider\" data-id=\"2c4a4ee\" data-element_type=\"widget\" data-e-type=\"widget\" data-widget_type=\"divider.default\">\n\t\t\t\t\t\t\t<div class=\"elementor-divider\" style=\"--divider-pattern-url: url(&quot;data:image\/svg+xml,%3Csvg xmlns=&#039;http:\/\/www.w3.org\/2000\/svg&#039; preserveAspectRatio=&#039;none&#039; overflow=&#039;visible&#039; height=&#039;100%&#039; viewBox=&#039;0 0 24 24&#039; fill=&#039;black&#039; stroke=&#039;none&#039;%3E%3Cpolygon points=&#039;9.4,2 24,2 14.6,21.6 0,21.6&#039;\/%3E%3C\/svg%3E&quot;);\">\n\t\t\t<span class=\"elementor-divider-separator\">\n\t\t\t\t\t\t<\/span>\n\t\t<\/div>\n\t\t\t\t\t\t<\/div>\n\t\t\t\t<div class=\"elementor-element elementor-element-8dedc7f elementor-widget elementor-widget-heading\" data-id=\"8dedc7f\" data-element_type=\"widget\" data-e-type=\"widget\" data-widget_type=\"heading.default\">\n\t\t\t\t\t<h3 class=\"elementor-heading-title elementor-size-default\">Installation \u00e9lectrique<\/h3>\t\t\t\t<\/div>\n\t\t\t\t<div class=\"elementor-element elementor-element-e09df48 elementor-widget__width-inherit elementor-widget elementor-widget-text-editor\" data-id=\"e09df48\" data-element_type=\"widget\" data-e-type=\"widget\" data-widget_type=\"text-editor.default\">\n\t\t\t\t\t\t\t\t\t<p>Saetec fabrique des \u00e9l\u00e9ments de fixation pour les lignes de distribution \u00e9lectrique et les panneaux de distribution de portes de commutation BT pour les cabines \u00e9lectriques.<\/p>\n<p>De plus, Saetec a r\u00e9alis\u00e9 au fil du temps diff\u00e9rents types d\u2019armoires et de bo\u00eetes sur mesure pour armoires \u00e9lectriques, armoires rack et bo\u00eetes sp\u00e9ciales selon les sp\u00e9cifications du client.<\/p>\n\t\t\t\t\t\t\t\t<\/div>\n\t\t\t\t<\/div>\n\t\t\t\t\t<\/div>\n\t\t\t\t<\/div>\n\t\t<div class=\"elementor-element elementor-element-b20c27c e-flex e-con-boxed e-con e-parent\" data-id=\"b20c27c\" data-element_type=\"container\" data-e-type=\"container\" id=\"arredoesterno\">\n\t\t\t\t\t<div class=\"e-con-inner\">\n\t\t<div class=\"elementor-element elementor-element-07cd02b e-con-full e-flex e-con e-child\" data-id=\"07cd02b\" data-element_type=\"container\" data-e-type=\"container\">\n\t\t\t\t<div class=\"elementor-element elementor-element-d2a891b elementor-widget-divider--separator-type-pattern elementor-widget-divider--view-line elementor-widget elementor-widget-divider\" data-id=\"d2a891b\" data-element_type=\"widget\" data-e-type=\"widget\" data-widget_type=\"divider.default\">\n\t\t\t\t\t\t\t<div class=\"elementor-divider\" style=\"--divider-pattern-url: url(&quot;data:image\/svg+xml,%3Csvg xmlns=&#039;http:\/\/www.w3.org\/2000\/svg&#039; preserveAspectRatio=&#039;none&#039; overflow=&#039;visible&#039; height=&#039;100%&#039; viewBox=&#039;0 0 24 24&#039; fill=&#039;black&#039; stroke=&#039;none&#039;%3E%3Cpolygon points=&#039;9.4,2 24,2 14.6,21.6 0,21.6&#039;\/%3E%3C\/svg%3E&quot;);\">\n\t\t\t<span class=\"elementor-divider-separator\">\n\t\t\t\t\t\t<\/span>\n\t\t<\/div>\n\t\t\t\t\t\t<\/div>\n\t\t\t\t<div class=\"elementor-element elementor-element-c2e5e11 elementor-widget elementor-widget-heading\" data-id=\"c2e5e11\" data-element_type=\"widget\" data-e-type=\"widget\" data-widget_type=\"heading.default\">\n\t\t\t\t\t<h3 class=\"elementor-heading-title elementor-size-default\">Mobilier d\u2019ext\u00e9rieur et architecture<\/h3>\t\t\t\t<\/div>\n\t\t\t\t<div class=\"elementor-element elementor-element-d4dd6f5 elementor-widget__width-inherit elementor-widget elementor-widget-text-editor\" data-id=\"d4dd6f5\" data-element_type=\"widget\" data-e-type=\"widget\" data-widget_type=\"text-editor.default\">\n\t\t\t\t\t\t\t\t\t<p>Saetec con\u00e7oit des compl\u00e9ments d\u2019ameublement pour l\u2019ext\u00e9rieur et met \u00e0 disposition sa propre technologie de travail du m\u00e9tal pour obtenir des accessoires et des composants d\u2019usage architectural aussi bien structurels que d\u00e9coratifs.<\/p>\n\t\t\t\t\t\t\t\t<\/div>\n\t\t\t\t<\/div>\n\t\t\t\t<div class=\"elementor-element elementor-element-9e04d3f elementor-widget__width-initial elementor-widget-mobile__width-inherit elementor-widget elementor-widget-image\" data-id=\"9e04d3f\" data-element_type=\"widget\" data-e-type=\"widget\" data-widget_type=\"image.default\">\n\t\t\t\t\t\t\t\t\t\t\t\t\t\t\t<img decoding=\"async\" width=\"550\" height=\"550\" src=\"https:\/\/www.saetec.eu\/wp-content\/uploads\/2024\/06\/Saetec-settori-arredo-esterno-architettura.webp\" class=\"attachment-large size-large wp-image-1820\" alt=\"Saetec -\" srcset=\"https:\/\/www.saetec.eu\/wp-content\/uploads\/2024\/06\/Saetec-settori-arredo-esterno-architettura.webp 550w, https:\/\/www.saetec.eu\/wp-content\/uploads\/2024\/06\/Saetec-settori-arredo-esterno-architettura-300x300.webp 300w, https:\/\/www.saetec.eu\/wp-content\/uploads\/2024\/06\/Saetec-settori-arredo-esterno-architettura-150x150.webp 150w\" sizes=\"(max-width: 550px) 100vw, 550px\" title=\"Saetec -\">\t\t\t\t\t\t\t\t\t\t\t\t\t\t\t<\/div>\n\t\t\t\t\t<\/div>\n\t\t\t\t<\/div>\n\t\t<div class=\"elementor-element elementor-element-c10b7e0 e-flex e-con-boxed e-con e-parent\" data-id=\"c10b7e0\" data-element_type=\"container\" data-e-type=\"container\" id=\"espositori\" data-settings=\"{&quot;background_background&quot;:&quot;classic&quot;}\">\n\t\t\t\t\t<div class=\"e-con-inner\">\n\t\t\t\t<div class=\"elementor-element elementor-element-626d5b1 elementor-widget__width-initial elementor-widget-mobile__width-inherit elementor-widget elementor-widget-image\" data-id=\"626d5b1\" data-element_type=\"widget\" data-e-type=\"widget\" data-widget_type=\"image.default\">\n\t\t\t\t\t\t\t\t\t\t\t\t\t\t\t<img loading=\"lazy\" decoding=\"async\" width=\"550\" height=\"550\" src=\"https:\/\/www.saetec.eu\/wp-content\/uploads\/2024\/06\/Saetec-Settori-Espositori-Visual.webp\" class=\"attachment-large size-large wp-image-1822\" alt=\"Saetec -\" srcset=\"https:\/\/www.saetec.eu\/wp-content\/uploads\/2024\/06\/Saetec-Settori-Espositori-Visual.webp 550w, https:\/\/www.saetec.eu\/wp-content\/uploads\/2024\/06\/Saetec-Settori-Espositori-Visual-300x300.webp 300w, https:\/\/www.saetec.eu\/wp-content\/uploads\/2024\/06\/Saetec-Settori-Espositori-Visual-150x150.webp 150w\" sizes=\"(max-width: 550px) 100vw, 550px\" title=\"Saetec -\">\t\t\t\t\t\t\t\t\t\t\t\t\t\t\t<\/div>\n\t\t<div class=\"elementor-element elementor-element-b343ccf e-con-full e-flex e-con e-child\" data-id=\"b343ccf\" data-element_type=\"container\" data-e-type=\"container\">\n\t\t\t\t<div class=\"elementor-element elementor-element-cda3837 elementor-widget-divider--separator-type-pattern elementor-widget-divider--view-line elementor-widget elementor-widget-divider\" data-id=\"cda3837\" data-element_type=\"widget\" data-e-type=\"widget\" data-widget_type=\"divider.default\">\n\t\t\t\t\t\t\t<div class=\"elementor-divider\" style=\"--divider-pattern-url: url(&quot;data:image\/svg+xml,%3Csvg xmlns=&#039;http:\/\/www.w3.org\/2000\/svg&#039; preserveAspectRatio=&#039;none&#039; overflow=&#039;visible&#039; height=&#039;100%&#039; viewBox=&#039;0 0 24 24&#039; fill=&#039;black&#039; stroke=&#039;none&#039;%3E%3Cpolygon points=&#039;9.4,2 24,2 14.6,21.6 0,21.6&#039;\/%3E%3C\/svg%3E&quot;);\">\n\t\t\t<span class=\"elementor-divider-separator\">\n\t\t\t\t\t\t<\/span>\n\t\t<\/div>\n\t\t\t\t\t\t<\/div>\n\t\t\t\t<div class=\"elementor-element elementor-element-9518a9d elementor-widget elementor-widget-heading\" data-id=\"9518a9d\" data-element_type=\"widget\" data-e-type=\"widget\" data-widget_type=\"heading.default\">\n\t\t\t\t\t<h3 class=\"elementor-heading-title elementor-size-default\">Pr\u00e9sentoirs de sol et de comptoir, structures \u00ab visuelles \u00bb<\/h3>\t\t\t\t<\/div>\n\t\t\t\t<div class=\"elementor-element elementor-element-7ee0364 elementor-widget__width-inherit elementor-widget elementor-widget-text-editor\" data-id=\"7ee0364\" data-element_type=\"widget\" data-e-type=\"widget\" data-widget_type=\"text-editor.default\">\n\t\t\t\t\t\t\t\t\t<p>Saetec collabore avec les entreprises de la publicit\u00e9 et de l\u2019ameublement des points de vente en construisant les pi\u00e8ces de structure en m\u00e9tal et r\u00e9alisant du ch\u00e2ssis brut au produit fini et emball\u00e9.<\/p>\n\t\t\t\t\t\t\t\t<\/div>\n\t\t\t\t<\/div>\n\t\t\t\t\t<\/div>\n\t\t\t\t<\/div>\n\t\t<div class=\"elementor-element elementor-element-9e014f0 e-flex e-con-boxed e-con e-parent\" data-id=\"9e014f0\" data-element_type=\"container\" data-e-type=\"container\" id=\"logistica\" data-settings=\"{&quot;background_background&quot;:&quot;classic&quot;}\">\n\t\t\t\t\t<div class=\"e-con-inner\">\n\t\t<div class=\"elementor-element elementor-element-189271c e-con-full e-flex e-con e-child\" data-id=\"189271c\" data-element_type=\"container\" data-e-type=\"container\">\n\t\t\t\t<div class=\"elementor-element elementor-element-9cf7b9c elementor-widget-divider--separator-type-pattern elementor-widget-divider--view-line elementor-widget elementor-widget-divider\" data-id=\"9cf7b9c\" data-element_type=\"widget\" data-e-type=\"widget\" data-widget_type=\"divider.default\">\n\t\t\t\t\t\t\t<div class=\"elementor-divider\" style=\"--divider-pattern-url: url(&quot;data:image\/svg+xml,%3Csvg xmlns=&#039;http:\/\/www.w3.org\/2000\/svg&#039; preserveAspectRatio=&#039;none&#039; overflow=&#039;visible&#039; height=&#039;100%&#039; viewBox=&#039;0 0 24 24&#039; fill=&#039;black&#039; stroke=&#039;none&#039;%3E%3Cpolygon points=&#039;9.4,2 24,2 14.6,21.6 0,21.6&#039;\/%3E%3C\/svg%3E&quot;);\">\n\t\t\t<span class=\"elementor-divider-separator\">\n\t\t\t\t\t\t<\/span>\n\t\t<\/div>\n\t\t\t\t\t\t<\/div>\n\t\t\t\t<div class=\"elementor-element elementor-element-d8df8cb elementor-widget elementor-widget-heading\" data-id=\"d8df8cb\" data-element_type=\"widget\" data-e-type=\"widget\" data-widget_type=\"heading.default\">\n\t\t\t\t\t<h3 class=\"elementor-heading-title elementor-size-default\">Logistique<\/h3>\t\t\t\t<\/div>\n\t\t\t\t<div class=\"elementor-element elementor-element-1d155cb elementor-widget__width-inherit elementor-widget elementor-widget-text-editor\" data-id=\"1d155cb\" data-element_type=\"widget\" data-e-type=\"widget\" data-widget_type=\"text-editor.default\">\n\t\t\t\t\t\t\t\t\t<p>Parmi les produits fabriqu\u00e9s par Saetec, vous trouverez des bancs d\u2019entrep\u00f4t, des chariots de manutention, des conteneurs, des structures m\u00e9talliques modulaires personnalisables, tous r\u00e9alis\u00e9s avec des mat\u00e9riaux de haute qualit\u00e9 pour garantir durabilit\u00e9 et fiabilit\u00e9.<\/p>\n<p>En outre, Saetec a d\u00e9velopp\u00e9 une s\u00e9rie de bo\u00eetes aux lettres externes sp\u00e9cialement destin\u00e9es aux entreprises et aux services, adapt\u00e9es \u00e0 la r\u00e9ception pratique et s\u00fbre de courriers volumineux, colis et paquets livrables par des fournisseurs ou des transporteurs \u00e0 tout moment.<\/p>\n\t\t\t\t\t\t\t\t<\/div>\n\t\t\t\t<\/div>\n\t\t\t\t<div class=\"elementor-element elementor-element-63989c7 elementor-widget__width-initial elementor-widget-mobile__width-inherit elementor-widget elementor-widget-image\" data-id=\"63989c7\" data-element_type=\"widget\" data-e-type=\"widget\" data-widget_type=\"image.default\">\n\t\t\t\t\t\t\t\t\t\t\t\t\t\t\t<img loading=\"lazy\" decoding=\"async\" width=\"550\" height=\"550\" src=\"https:\/\/www.saetec.eu\/wp-content\/uploads\/2024\/06\/Saetec-settori-logistica.webp\" class=\"attachment-large size-large wp-image-1823\" alt=\"Saetec -\" srcset=\"https:\/\/www.saetec.eu\/wp-content\/uploads\/2024\/06\/Saetec-settori-logistica.webp 550w, https:\/\/www.saetec.eu\/wp-content\/uploads\/2024\/06\/Saetec-settori-logistica-300x300.webp 300w, https:\/\/www.saetec.eu\/wp-content\/uploads\/2024\/06\/Saetec-settori-logistica-150x150.webp 150w\" sizes=\"(max-width: 550px) 100vw, 550px\" title=\"Saetec -\">\t\t\t\t\t\t\t\t\t\t\t\t\t\t\t<\/div>\n\t\t\t\t\t<\/div>\n\t\t\t\t<\/div>\n\t\t<div class=\"elementor-element elementor-element-b88d662 e-flex e-con-boxed e-con e-parent\" data-id=\"b88d662\" data-element_type=\"container\" data-e-type=\"container\" id=\"arredoindustriale\">\n\t\t\t\t\t<div class=\"e-con-inner\">\n\t\t\t\t<div class=\"elementor-element elementor-element-9865543 elementor-widget__width-initial elementor-widget-mobile__width-inherit elementor-widget elementor-widget-image\" data-id=\"9865543\" data-element_type=\"widget\" data-e-type=\"widget\" data-widget_type=\"image.default\">\n\t\t\t\t\t\t\t\t\t\t\t\t\t\t\t<img loading=\"lazy\" decoding=\"async\" width=\"550\" height=\"550\" src=\"https:\/\/www.saetec.eu\/wp-content\/uploads\/2024\/06\/Saetec-Settori-arredo-industriale.webp\" class=\"attachment-large size-large wp-image-1821\" alt=\"Saetec -\" srcset=\"https:\/\/www.saetec.eu\/wp-content\/uploads\/2024\/06\/Saetec-Settori-arredo-industriale.webp 550w, https:\/\/www.saetec.eu\/wp-content\/uploads\/2024\/06\/Saetec-Settori-arredo-industriale-300x300.webp 300w, https:\/\/www.saetec.eu\/wp-content\/uploads\/2024\/06\/Saetec-Settori-arredo-industriale-150x150.webp 150w\" sizes=\"(max-width: 550px) 100vw, 550px\" title=\"Saetec -\">\t\t\t\t\t\t\t\t\t\t\t\t\t\t\t<\/div>\n\t\t<div class=\"elementor-element elementor-element-2983b2f e-con-full e-flex e-con e-child\" data-id=\"2983b2f\" data-element_type=\"container\" data-e-type=\"container\">\n\t\t\t\t<div class=\"elementor-element elementor-element-fe297ed elementor-widget-divider--separator-type-pattern elementor-widget-divider--view-line elementor-widget elementor-widget-divider\" data-id=\"fe297ed\" data-element_type=\"widget\" data-e-type=\"widget\" data-widget_type=\"divider.default\">\n\t\t\t\t\t\t\t<div class=\"elementor-divider\" style=\"--divider-pattern-url: url(&quot;data:image\/svg+xml,%3Csvg xmlns=&#039;http:\/\/www.w3.org\/2000\/svg&#039; preserveAspectRatio=&#039;none&#039; overflow=&#039;visible&#039; height=&#039;100%&#039; viewBox=&#039;0 0 24 24&#039; fill=&#039;black&#039; stroke=&#039;none&#039;%3E%3Cpolygon points=&#039;9.4,2 24,2 14.6,21.6 0,21.6&#039;\/%3E%3C\/svg%3E&quot;);\">\n\t\t\t<span class=\"elementor-divider-separator\">\n\t\t\t\t\t\t<\/span>\n\t\t<\/div>\n\t\t\t\t\t\t<\/div>\n\t\t\t\t<div class=\"elementor-element elementor-element-2ff4dbf elementor-widget elementor-widget-heading\" data-id=\"2ff4dbf\" data-element_type=\"widget\" data-e-type=\"widget\" data-widget_type=\"heading.default\">\n\t\t\t\t\t<h3 class=\"elementor-heading-title elementor-size-default\">Mobilier industriel<\/h3>\t\t\t\t<\/div>\n\t\t\t\t<div class=\"elementor-element elementor-element-a9b3faf elementor-widget__width-inherit elementor-widget elementor-widget-text-editor\" data-id=\"a9b3faf\" data-element_type=\"widget\" data-e-type=\"widget\" data-widget_type=\"text-editor.default\">\n\t\t\t\t\t\t\t\t\t<p>Saetec construit des composants m\u00e9talliques pour \u00e9quiper des zones de travail pour les laboratoires dans le secteur \u00e9lectronique, en particulier des tables avec accessoires et \u00e9quip\u00e9es d\u2019\u00e9quipements \u00e9lectriques, d\u2019armoires et de chariots sp\u00e9ciaux \u00e9tudi\u00e9s sur les demandes sp\u00e9cifiques du client.<\/p>\n\t\t\t\t\t\t\t\t<\/div>\n\t\t\t\t<\/div>\n\t\t\t\t\t<\/div>\n\t\t\t\t<\/div>\n\t\t\t\t<\/div>\n\t\t","protected":false},"excerpt":{"rendered":"<p>Machines et \u00e9quipements Saetec r\u00e9alise des panneaux, des couvertures, des coques et des structures m\u00e9talliques pour le rev\u00eatement de machines et d\u2019\u00e9quipements destin\u00e9s \u00e0 diverses utilisations (climatisation, tableaux \u00e9lectriques, alimentation, distributeurs automatiques, etc.) offrant son exp\u00e9rience pour \u00e9tudier, r\u00e9aliser des prototypes et industrialiser le rev\u00eatement ext\u00e9rieur en t\u00f4le du produit. Installation \u00e9lectrique Saetec fabrique des [&hellip;]<\/p>\n","protected":false},"author":1,"featured_media":0,"parent":0,"menu_order":0,"comment_status":"closed","ping_status":"closed","template":"","meta":{"footnotes":""},"class_list":["post-1807","page","type-page","status-publish","hentry"],"_links":{"self":[{"href":"https:\/\/www.saetec.eu\/fr\/wp-json\/wp\/v2\/pages\/1807","targetHints":{"allow":["GET"]}}],"collection":[{"href":"https:\/\/www.saetec.eu\/fr\/wp-json\/wp\/v2\/pages"}],"about":[{"href":"https:\/\/www.saetec.eu\/fr\/wp-json\/wp\/v2\/types\/page"}],"author":[{"embeddable":true,"href":"https:\/\/www.saetec.eu\/fr\/wp-json\/wp\/v2\/users\/1"}],"replies":[{"embeddable":true,"href":"https:\/\/www.saetec.eu\/fr\/wp-json\/wp\/v2\/comments?post=1807"}],"version-history":[{"count":2,"href":"https:\/\/www.saetec.eu\/fr\/wp-json\/wp\/v2\/pages\/1807\/revisions"}],"predecessor-version":[{"id":1952,"href":"https:\/\/www.saetec.eu\/fr\/wp-json\/wp\/v2\/pages\/1807\/revisions\/1952"}],"wp:attachment":[{"href":"https:\/\/www.saetec.eu\/fr\/wp-json\/wp\/v2\/media?parent=1807"}],"curies":[{"name":"wp","href":"https:\/\/api.w.org\/{rel}","templated":true}]}}