{"id":1849,"date":"2024-02-08T09:04:21","date_gmt":"2024-02-08T08:04:21","guid":{"rendered":"https:\/\/www.saetec.eu\/societe\/"},"modified":"2026-02-19T22:31:24","modified_gmt":"2026-02-19T21:31:24","slug":"societe","status":"publish","type":"page","link":"https:\/\/www.saetec.eu\/fr\/societe\/","title":{"rendered":"Soci\u00e9t\u00e9"},"content":{"rendered":"\t\t<div data-elementor-type=\"wp-page\" data-elementor-id=\"1849\" class=\"elementor elementor-1849 elementor-186\" data-elementor-post-type=\"page\">\n\t\t\t\t<div class=\"elementor-element elementor-element-3b5d533 e-flex e-con-boxed e-con e-parent\" data-id=\"3b5d533\" data-element_type=\"container\" data-e-type=\"container\" data-settings=\"{&quot;background_background&quot;:&quot;classic&quot;,&quot;shape_divider_bottom&quot;:&quot;triangle-asymmetrical&quot;,&quot;shape_divider_bottom_negative&quot;:&quot;yes&quot;}\">\n\t\t\t\t\t<div class=\"e-con-inner\">\n\t\t\t\t<div class=\"elementor-shape elementor-shape-bottom\" aria-hidden=\"true\" data-negative=\"true\">\n\t\t\t<svg xmlns=\"http:\/\/www.w3.org\/2000\/svg\" viewBox=\"0 0 1000 100\" preserveAspectRatio=\"none\">\n\t<path class=\"elementor-shape-fill\" d=\"M737.9,94.7L0,0v100h1000V0L737.9,94.7z\"\/>\n<\/svg>\t\t<\/div>\n\t\t\t\t<div class=\"elementor-element elementor-element-04d919e elementor-widget-divider--separator-type-pattern elementor-widget-divider--view-line elementor-widget elementor-widget-divider\" data-id=\"04d919e\" data-element_type=\"widget\" data-e-type=\"widget\" data-widget_type=\"divider.default\">\n\t\t\t\t\t\t\t<div class=\"elementor-divider\" style=\"--divider-pattern-url: url(&quot;data:image\/svg+xml,%3Csvg xmlns=&#039;http:\/\/www.w3.org\/2000\/svg&#039; preserveAspectRatio=&#039;none&#039; overflow=&#039;visible&#039; height=&#039;100%&#039; viewBox=&#039;0 0 24 24&#039; fill=&#039;black&#039; stroke=&#039;none&#039;%3E%3Cpolygon points=&#039;9.4,2 24,2 14.6,21.6 0,21.6&#039;\/%3E%3C\/svg%3E&quot;);\">\n\t\t\t<span class=\"elementor-divider-separator\">\n\t\t\t\t\t\t<\/span>\n\t\t<\/div>\n\t\t\t\t\t\t<\/div>\n\t\t\t\t<div class=\"elementor-element elementor-element-d236290 elementor-widget elementor-widget-heading\" data-id=\"d236290\" data-element_type=\"widget\" data-e-type=\"widget\" data-widget_type=\"heading.default\">\n\t\t\t\t\t<h1 class=\"elementor-heading-title elementor-size-default\">Menuiserie m\u00e9tallique l\u00e9g\u00e8re de pr\u00e9cision<\/h1>\t\t\t\t<\/div>\n\t\t\t\t\t<\/div>\n\t\t\t\t<\/div>\n\t\t<div class=\"elementor-element elementor-element-f85ad88 e-flex e-con-boxed e-con e-parent\" data-id=\"f85ad88\" data-element_type=\"container\" data-e-type=\"container\">\n\t\t\t\t\t<div class=\"e-con-inner\">\n\t\t<div class=\"elementor-element elementor-element-7d1c5de e-con-full e-flex e-con e-child\" data-id=\"7d1c5de\" data-element_type=\"container\" data-e-type=\"container\" data-settings=\"{&quot;background_background&quot;:&quot;classic&quot;}\">\n\t\t\t\t<div class=\"elementor-element elementor-element-8f8c80f elementor-widget elementor-widget-heading\" data-id=\"8f8c80f\" data-element_type=\"widget\" data-e-type=\"widget\" data-widget_type=\"heading.default\">\n\t\t\t\t\t<h2 class=\"elementor-heading-title elementor-size-default\">Soci\u00e9t\u00e9<\/h2>\t\t\t\t<\/div>\n\t\t\t\t<div class=\"elementor-element elementor-element-5d324a2 elementor-widget elementor-widget-heading\" data-id=\"5d324a2\" data-element_type=\"widget\" data-e-type=\"widget\" data-widget_type=\"heading.default\">\n\t\t\t\t\t<h5 class=\"elementor-heading-title elementor-size-default\">Construction de composants en t\u00f4le et de produits semi-finis et finis selon les dessins<\/h5>\t\t\t\t<\/div>\n\t\t\t\t<div class=\"elementor-element elementor-element-09e326b elementor-widget elementor-widget-text-editor\" data-id=\"09e326b\" data-element_type=\"widget\" data-e-type=\"widget\" data-widget_type=\"text-editor.default\">\n\t\t\t\t\t\t\t\t\t<p>Nous sommes une entreprise avec une <strong>exp\u00e9rience consolid\u00e9e<\/strong> dans le secteur de la <strong>menuiserie m\u00e9tallique l\u00e9g\u00e8re<\/strong> et du <strong>traitement de la t\u00f4le<\/strong>. Depuis des ann\u00e9es, nous nous consacrons \u00e0 la <strong>production de composants m\u00e9talliques<\/strong> principalement en t\u00f4le, fabriqu\u00e9s en <strong>petites et moyennes s\u00e9ries<\/strong>. Nos usinages sont r\u00e9alis\u00e9s en interne en utilisant \u00e0 la fois des <strong> machines \u00e0 commande num\u00e9rique<\/strong> de derni\u00e8re g\u00e9n\u00e9ration et des <strong>\u00e9quipements traditionnels<\/strong>, garantissant une <strong>pr\u00e9cision et une qualit\u00e9 <\/strong> constante.<\/p><p>Nous collaborons \u00e9troitement avec nos clients pour d\u00e9velopper des <strong>produits sur mesure<\/strong>, en suivant des <strong>dessins techniques<\/strong>, des <strong>sp\u00e9cifications d\u00e9taill\u00e9es<\/strong>, des <strong>cahiers des charges<\/strong> et en respectant les r\u00e9glementations nationales. Notre flexibilit\u00e9 et notre expertise nous permettent d\u2019aborder des projets complexes et de r\u00e9pondre aux diff\u00e9rents besoins du march\u00e9, en garantissant des <strong>solutions efficaces et personnalis\u00e9es<\/strong>.<\/p>\t\t\t\t\t\t\t\t<\/div>\n\t\t\t\t<\/div>\n\t\t<div class=\"elementor-element elementor-element-6d858f8 e-con-full e-flex e-con e-child\" data-id=\"6d858f8\" data-element_type=\"container\" data-e-type=\"container\">\n\t\t\t\t<div class=\"elementor-element elementor-element-60ff87b elementor-widget elementor-widget-image\" data-id=\"60ff87b\" data-element_type=\"widget\" data-e-type=\"widget\" data-widget_type=\"image.default\">\n\t\t\t\t\t\t\t\t\t\t\t\t\t\t\t<img fetchpriority=\"high\" decoding=\"async\" width=\"800\" height=\"600\" src=\"https:\/\/www.saetec.eu\/wp-content\/uploads\/2024\/04\/Saetec-Azienda-1-1024x768.webp\" class=\"attachment-large size-large wp-image-1853\" alt=\"Saetec -\" srcset=\"https:\/\/www.saetec.eu\/wp-content\/uploads\/2024\/04\/Saetec-Azienda-1-1024x768.webp 1024w, https:\/\/www.saetec.eu\/wp-content\/uploads\/2024\/04\/Saetec-Azienda-1-300x225.webp 300w, https:\/\/www.saetec.eu\/wp-content\/uploads\/2024\/04\/Saetec-Azienda-1-768x576.webp 768w, https:\/\/www.saetec.eu\/wp-content\/uploads\/2024\/04\/Saetec-Azienda-1.webp 1200w\" sizes=\"(max-width: 800px) 100vw, 800px\" title=\"Saetec -\">\t\t\t\t\t\t\t\t\t\t\t\t\t\t\t<\/div>\n\t\t\t\t<\/div>\n\t\t\t\t\t<\/div>\n\t\t\t\t<\/div>\n\t\t<div class=\"elementor-element elementor-element-0e1c3b5 e-flex e-con-boxed e-con e-parent\" data-id=\"0e1c3b5\" data-element_type=\"container\" data-e-type=\"container\" data-settings=\"{&quot;background_background&quot;:&quot;classic&quot;}\">\n\t\t\t\t\t<div class=\"e-con-inner\">\n\t\t<div class=\"elementor-element elementor-element-4b66354 e-con-full e-flex e-con e-child\" data-id=\"4b66354\" data-element_type=\"container\" data-e-type=\"container\">\n\t\t\t\t<div class=\"elementor-element elementor-element-c0e9911 elementor-widget elementor-widget-text-editor\" data-id=\"c0e9911\" data-element_type=\"widget\" data-e-type=\"widget\" data-widget_type=\"text-editor.default\">\n\t\t\t\t\t\t\t\t\t<p>Nous sommes en mesure de d\u00e9velopper des projets, des dessins et des prototypes \u00e0 partir des exigences fonctionnelles simples, d\u2019industrialiser et d\u2019optimiser les produits en perfectionnant les caract\u00e9ristiques techniques, en d\u00e9marrant la pr\u00e9s\u00e9rie et ensuite la production d\u00e9finitive divisible en lots. Nos effectifs comptent au total une quinzaine de personnes.<\/p><p><strong>Nous pouvons fournir aussi bien de petites pi\u00e8ces simplement usin\u00e9es et brutes que des produits finis, traitements inclus, assemblage, emballage, test.<\/strong> Nous travaillons habituellement le fer, l\u2019inox, l\u2019aluminium et le cuivre \u00e0 la fois par notre acquisition directe et pour le traitement.<\/p><p>Notre production s\u2019adresse \u00e0 diff\u00e9rents secteurs : \u00e9lectrotechnique, installation, ameublement civil et industriel, traitement de l\u2019air et publicitaire.<\/p>\t\t\t\t\t\t\t\t<\/div>\n\t\t\t\t<\/div>\n\t\t\t\t\t<\/div>\n\t\t\t\t<\/div>\n\t\t<div class=\"elementor-element elementor-element-98dfac0 e-flex e-con-boxed e-con e-parent\" data-id=\"98dfac0\" data-element_type=\"container\" data-e-type=\"container\">\n\t\t\t\t\t<div class=\"e-con-inner\">\n\t\t\t\t<div class=\"elementor-element elementor-element-0dc55d2 elementor-widget-divider--separator-type-pattern elementor-widget-divider--view-line elementor-widget elementor-widget-divider\" data-id=\"0dc55d2\" data-element_type=\"widget\" data-e-type=\"widget\" data-widget_type=\"divider.default\">\n\t\t\t\t\t\t\t<div class=\"elementor-divider\" style=\"--divider-pattern-url: url(&quot;data:image\/svg+xml,%3Csvg xmlns=&#039;http:\/\/www.w3.org\/2000\/svg&#039; preserveAspectRatio=&#039;none&#039; overflow=&#039;visible&#039; height=&#039;100%&#039; viewBox=&#039;0 0 24 24&#039; fill=&#039;black&#039; stroke=&#039;none&#039;%3E%3Cpolygon points=&#039;9.4,2 24,2 14.6,21.6 0,21.6&#039;\/%3E%3C\/svg%3E&quot;);\">\n\t\t\t<span class=\"elementor-divider-separator\">\n\t\t\t\t\t\t<\/span>\n\t\t<\/div>\n\t\t\t\t\t\t<\/div>\n\t\t\t\t<div class=\"elementor-element elementor-element-8c860bd elementor-widget__width-initial elementor-widget-tablet__width-inherit elementor-widget elementor-widget-heading\" data-id=\"8c860bd\" data-element_type=\"widget\" data-e-type=\"widget\" data-widget_type=\"heading.default\">\n\t\t\t\t\t<h4 class=\"elementor-heading-title elementor-size-default\">Notre entreprise a b\u00e9n\u00e9fici\u00e9 de la contribution pr\u00e9vue par l\u2019appel d\u2019offres INAIL (loi du 28 d\u00e9cembre 2015, n\u00ba 208).<\/h4>\t\t\t\t<\/div>\n\t\t\t\t<div class=\"elementor-element elementor-element-a069c31 elementor-widget__width-initial elementor-widget-tablet__width-inherit elementor-widget elementor-widget-text-editor\" data-id=\"a069c31\" data-element_type=\"widget\" data-e-type=\"widget\" data-widget_type=\"text-editor.default\">\n\t\t\t\t\t\t\t\t\t<p><em>\u00ab Obligations d\u2019information pour les d\u00e9caissements publics : les aides d\u2019\u00c9tat et les aides de Minimis re\u00e7ues par cette entreprise sont publi\u00e9es dans le Registre National des Aides d\u2019\u00c9tat, vis\u00e9 \u00e0 l\u2019article.52 de L. 234\/2012, et consultables, en saisissant le code fiscal comme cl\u00e9 de recherche dans le champ CODE FISCAL : 1557620133 \u00bb<\/em><\/p>\t\t\t\t\t\t\t\t<\/div>\n\t\t\t\t\t<\/div>\n\t\t\t\t<\/div>\n\t\t\t\t<\/div>\n\t\t","protected":false},"excerpt":{"rendered":"<p>Menuiserie m\u00e9tallique l\u00e9g\u00e8re de pr\u00e9cision Soci\u00e9t\u00e9 Construction de composants en t\u00f4le et de produits semi-finis et finis selon les dessins Nous sommes une entreprise avec une exp\u00e9rience consolid\u00e9e dans le secteur de la menuiserie m\u00e9tallique l\u00e9g\u00e8re et du traitement de la t\u00f4le. Depuis des ann\u00e9es, nous nous consacrons \u00e0 la production de composants m\u00e9talliques principalement [&hellip;]<\/p>\n","protected":false},"author":1,"featured_media":0,"parent":0,"menu_order":0,"comment_status":"closed","ping_status":"closed","template":"","meta":{"footnotes":""},"class_list":["post-1849","page","type-page","status-publish","hentry"],"_links":{"self":[{"href":"https:\/\/www.saetec.eu\/fr\/wp-json\/wp\/v2\/pages\/1849","targetHints":{"allow":["GET"]}}],"collection":[{"href":"https:\/\/www.saetec.eu\/fr\/wp-json\/wp\/v2\/pages"}],"about":[{"href":"https:\/\/www.saetec.eu\/fr\/wp-json\/wp\/v2\/types\/page"}],"author":[{"embeddable":true,"href":"https:\/\/www.saetec.eu\/fr\/wp-json\/wp\/v2\/users\/1"}],"replies":[{"embeddable":true,"href":"https:\/\/www.saetec.eu\/fr\/wp-json\/wp\/v2\/comments?post=1849"}],"version-history":[{"count":2,"href":"https:\/\/www.saetec.eu\/fr\/wp-json\/wp\/v2\/pages\/1849\/revisions"}],"predecessor-version":[{"id":2228,"href":"https:\/\/www.saetec.eu\/fr\/wp-json\/wp\/v2\/pages\/1849\/revisions\/2228"}],"wp:attachment":[{"href":"https:\/\/www.saetec.eu\/fr\/wp-json\/wp\/v2\/media?parent=1849"}],"curies":[{"name":"wp","href":"https:\/\/api.w.org\/{rel}","templated":true}]}}